{"id":1287,"date":"2012-10-16T11:46:53","date_gmt":"2012-10-16T11:46:53","guid":{"rendered":"http:\/\/avesdesierramorena.sierramorena.com\/?page_id=1287"},"modified":"2012-10-26T19:30:09","modified_gmt":"2012-10-26T19:30:09","slug":"curruca-tomillera","status":"publish","type":"page","link":"http:\/\/avesdesierramorena.sierramorena.com\/?page_id=1287","title":{"rendered":"Curruca tomillera"},"content":{"rendered":"<table class=\"nuevatabla\" border=\"0\" cellspacing=\"0\" cellpadding=\"0\" width=\"900\">\n<tbody>\n<tr>\n<td align=\"left\" valign=\"top\">\n<table border=\"0\" cellspacing=\"0\" cellpadding=\"0\" width=\"900\">\n<tbody>\n<tr>\n<td width=\"612\">\n<table border=\"0\" cellspacing=\"0\" cellpadding=\"0\" width=\"612\">\n<tbody>\n<tr>\n<td width=\"693\" height=\"600\">\n<table border=\"0\" cellspacing=\"0\" cellpadding=\"0\" width=\"612\">\n<tbody>\n<tr>\n<td height=\"32\" align=\"left\" valign=\"middle\">\n<table border=\"0\" cellspacing=\"0\" cellpadding=\"0\" width=\"612\">\n<tbody>\n<tr>\n<td class=\"nuevatabla\" width=\"370\" height=\"32\" align=\"left\"><span class=\"nombre_latin\">Sylvia conspicillata<\/span><\/td>\n<td width=\"123\" align=\"left\" valign=\"top\"><a href=\"http:\/\/www.xeno-canto.org\/26602\"><img loading=\"lazy\" src=\"http:\/\/avesdesierramorena.sierramorena.com\/wp-content\/uploads\/2012\/05\/boton_escuchalos.gif\" alt=\"esc\u00fachalo!\" width=\"115\" height=\"32\" \/><\/a><\/td>\n<td width=\"119\" align=\"left\" valign=\"top\"><a href=\"http:\/\/avesdesierramorena.sierramorena.com\/wp-content\/uploads\/2012\/10\/curruca_tomillera.pdf\" target=\"_blank\"><img loading=\"lazy\" src=\"http:\/\/avesdesierramorena.sierramorena.com\/wp-content\/uploads\/2012\/05\/bot_descargar_pdf.jpg\" alt=\"descargar ficha en PDF\" width=\"119\" height=\"32\" \/><\/a><\/td>\n<\/tr>\n<\/tbody>\n<\/table>\n<\/td>\n<\/tr>\n<tr>\n<td class=\"alineado_centrado\" height=\"520\"><img loading=\"lazy\" src=\"http:\/\/avesdesierramorena.sierramorena.com\/wp-content\/uploads\/2012\/09\/curruca-tomillera.jpg\" alt=\"\" width=\"612\" height=\"459\" \/><\/td>\n<\/tr>\n<tr>\n<td height=\"15\" align=\"left\" valign=\"top\"><\/td>\n<\/tr>\n<tr>\n<td height=\"38\" align=\"left\" valign=\"top\">\n<table border=\"0\" cellspacing=\"0\" cellpadding=\"0\" width=\"612\">\n<tbody>\n<tr>\n<td class=\"meses_fondo_blanco\" width=\"38\" height=\"38\">ENE<\/td>\n<td width=\"14\"><\/td>\n<td class=\"meses_fondo_blanco\" width=\"38\">FEB<\/td>\n<td width=\"14\"><\/td>\n<td class=\"meses_fondo_blanco\" width=\"38\">MAR<\/td>\n<td width=\"14\"><\/td>\n<td class=\"meses_fondo_rojo\" width=\"38\">ABR<\/td>\n<td width=\"14\"><\/td>\n<td class=\"meses_fondo_rojo\" width=\"38\">MAY<\/td>\n<td width=\"14\"><\/td>\n<td class=\"meses_fondo_rojo\" width=\"38\">JUN<\/td>\n<td width=\"14\"><\/td>\n<td class=\"meses_fondo_rojo\" width=\"38\">JUL<\/td>\n<td width=\"14\"><\/td>\n<td class=\"meses_fondo_rojo\" width=\"38\">AGO<\/td>\n<td width=\"14\"><\/td>\n<td class=\"meses_fondo_rojo\" width=\"38\">SEP<\/td>\n<td width=\"14\"><\/td>\n<td class=\"meses_fondo_blanco\" width=\"38\">OCT<\/td>\n<td width=\"14\"><\/td>\n<td class=\"meses_fondo_blanco\" width=\"38\">NOV<\/td>\n<td width=\"14\"><\/td>\n<td class=\"meses_fondo_blanco\" width=\"38\">DIC<\/td>\n<\/tr>\n<\/tbody>\n<\/table>\n<\/td>\n<\/tr>\n<\/tbody>\n<\/table>\n<\/td>\n<\/tr>\n<tr>\n<td height=\"38\"><\/td>\n<\/tr>\n<tr>\n<td height=\"166\" align=\"left\" valign=\"top\"><img src=\"http:\/\/avesdesierramorena.sierramorena.com\/wp-content\/uploads\/2012\/09\/0_0_0_25.gif\" alt=\"s\" \/><\/td>\n<\/tr>\n<\/tbody>\n<\/table>\n<\/td>\n<td width=\"38\"><\/td>\n<td class=\"alineado_inf\" width=\"250\" align=\"left\">\n<table border=\"0\" cellspacing=\"0\" cellpadding=\"0\" width=\"250\">\n<tbody>\n<tr>\n<td height=\"30\"><span class=\"titular_ficha\">CATEGOR\u00cdA DE AMENAZA<\/span><\/td>\n<\/tr>\n<tr>\n<td>\n<table class=\"tabladatos\" border=\"0\" cellspacing=\"0\" cellpadding=\"0\" width=\"250\">\n<tbody>\n<tr>\n<td class=\"fondo_cabecera_tabla\" width=\"60\" height=\"20\"><span class=\"texto_cabecera_tabla\">CNEA<\/span><\/td>\n<td class=\"fondo_cabecera_tabla\" width=\"60\"><span class=\"texto_cabecera_tabla\">CAEA<\/span><\/td>\n<td class=\"fondo_cabecera_tabla\" width=\"60\"><span class=\"texto_cabecera_tabla\">LRAE<\/span><\/td>\n<td class=\"fondo_cabecera_tabla\" width=\"60\"><span class=\"texto_cabecera_tabla\">LRVA<\/span><\/td>\n<\/tr>\n<tr>\n<td class=\"tabladatos\" height=\"20\"><span class=\"texto_contenido_tabla\">&#8211;<\/span><\/td>\n<td class=\"tabladatos\"><span class=\"texto_contenido_tabla\">&#8211;<\/span><\/td>\n<td class=\"tabladatos\"><span class=\"texto_contenido_tabla\">&#8211;<\/span><\/td>\n<td class=\"tabladatos\"><span class=\"texto_contenido_tabla\">DD<\/span><\/td>\n<\/tr>\n<\/tbody>\n<\/table>\n<\/td>\n<\/tr>\n<tr>\n<td height=\"38\"><\/td>\n<\/tr>\n<tr>\n<td height=\"30\"><span class=\"titular_ficha\">\u00bfD\u00d3NDE VERLO?<\/span><\/td>\n<\/tr>\n<tr>\n<td>\n<table class=\"sinborde\" border=\"0\" cellspacing=\"0\" cellpadding=\"0\" width=\"250\">\n<tbody>\n<tr>\n<td class=\"fondo_cabecera_tabla\" width=\"60\" height=\"23\"><span class=\"texto_cabecera_tabla\">HUELVA<\/span><\/td>\n<td class=\"fondo_cabecera_tabla\" width=\"60\"><span class=\"texto_cabecera_tabla\">SEVILLA<\/span><\/td>\n<td class=\"fondo_cabecera_tabla\" width=\"60\"><span class=\"texto_cabecera_tabla\">C\u00d3RDOBA<\/span><\/td>\n<td class=\"fondo_cabecera_tabla\" width=\"60\"><span class=\"texto_cabecera_tabla\">JA\u00c9N<\/span><\/td>\n<\/tr>\n<tr>\n<td class=\"tabladatos\" height=\"20\"><span class=\"texto_contenido_tabla\">H-1<\/span><\/td>\n<td class=\"tabladatos\"><span class=\"texto_contenido_tabla\">SE-1<\/span><\/td>\n<td class=\"tabladatos\"><span class=\"texto_contenido_tabla\">CO-1<\/span><\/td>\n<td class=\"tabladatos\"><span class=\"texto_contenido_tabla\"><a href=\"http:\/\/avesdesierramorena.sierramorena.com\/?page_id=453\">J-1<\/a><\/span><\/td>\n<\/tr>\n<tr>\n<td class=\"tabladatos\" height=\"20\"><span class=\"texto_contenido_tabla\">H-2<\/span><\/td>\n<td class=\"tabladatos\"><span class=\"texto_contenido_tabla\">SE-2<\/span><\/td>\n<td class=\"tabladatos\"><span class=\"texto_contenido_tabla\">CO-2<\/span><\/td>\n<td class=\"tabladatos\"><span class=\"texto_contenido_tabla\">J-2<\/span><\/td>\n<\/tr>\n<tr>\n<td class=\"tabladatos\" height=\"20\"><span class=\"texto_contenido_tabla\">H-3<\/span><\/td>\n<td class=\"tabladatos\"><span class=\"texto_contenido_tabla\">SE-3<\/span><\/td>\n<td class=\"tabladatos\"><span class=\"texto_contenido_tabla\">CO-3<\/span><\/td>\n<td class=\"tabladatos\"><span class=\"texto_contenido_tabla\">J-3<\/span><\/td>\n<\/tr>\n<tr>\n<td class=\"tabladatos\" height=\"20\"><span class=\"texto_contenido_tabla\">H-4<\/span><\/td>\n<td class=\"tabladatos\"><span class=\"texto_contenido_tabla\">SE-4<\/span><\/td>\n<td class=\"tabladatos\"><span class=\"texto_contenido_tabla\">CO-4<\/span><\/td>\n<td class=\"tabladatos\"><span class=\"texto_contenido_tabla\">J-4<\/span><\/td>\n<\/tr>\n<tr>\n<td class=\"tabladatos\" height=\"20\"><span class=\"texto_contenido_tabla\">H-5<\/span><\/td>\n<td class=\"tabladatos\"><span class=\"texto_contenido_tabla\">SE-5<\/span><\/td>\n<td class=\"tabladatos\"><span class=\"texto_contenido_tabla\">CO-5<\/span><\/td>\n<td class=\"tabladatos\"><span class=\"texto_contenido_tabla\">J-5<\/span><\/td>\n<\/tr>\n<tr>\n<td class=\"tabladatos\" height=\"20\"><span class=\"texto_contenido_tabla\">H-6<\/span><\/td>\n<td class=\"tabladatos\"><span class=\"texto_contenido_tabla\">SE-6<\/span><\/td>\n<td class=\"tabladatos\"><span class=\"texto_contenido_tabla\">CO-6<\/span><\/td>\n<td class=\"tabladatos\"><span class=\"texto_contenido_tabla\">J-6<\/span><\/td>\n<\/tr>\n<tr>\n<td class=\"tabladatos\" height=\"20\"><span class=\"texto_contenido_tabla\">H-7<\/span><\/td>\n<td class=\"tabladatos\"><span class=\"texto_contenido_tabla\">SE-7<\/span><\/td>\n<td class=\"tabladatos\"><span class=\"texto_contenido_tabla\">CO-7<\/span><\/td>\n<td class=\"tabladatos\"><span class=\"texto_contenido_tabla\">J-7<\/span><\/td>\n<\/tr>\n<tr>\n<td class=\"tabladatos\" height=\"20\"><span class=\"texto_contenido_tabla\">H-8<\/span><\/td>\n<td class=\"tabladatos\"><span class=\"texto_contenido_tabla\">SE-8<\/span><\/td>\n<td class=\"tabladatos\"><span class=\"texto_contenido_tabla\">CO-8<\/span><\/td>\n<td class=\"tabladatos\"><span class=\"texto_contenido_tabla\">J-8<\/span><\/td>\n<\/tr>\n<tr>\n<td class=\"tabladatos\" height=\"20\"><span class=\"texto_contenido_tabla\">H-9<\/span><\/td>\n<td class=\"tabladatos\"><span class=\"texto_contenido_tabla\">SE-9<\/span><\/td>\n<td class=\"tabladatos\"><span class=\"texto_contenido_tabla\">CO-9<\/span><\/td>\n<td class=\"tabladatos\"><span class=\"texto_contenido_tabla\">J-9<\/span><\/td>\n<\/tr>\n<tr>\n<td class=\"tabladatos\" height=\"20\"><span class=\"texto_contenido_tabla\">H-10<\/span><\/td>\n<td class=\"tabladatos\"><span class=\"texto_contenido_tabla\">SE-10<\/span><\/td>\n<td class=\"tabladatos\"><span class=\"texto_contenido_tabla\">CO-10<\/span><\/td>\n<td class=\"tabladatos\"><span class=\"texto_contenido_tabla\">J-10<\/span><\/td>\n<\/tr>\n<tr>\n<td class=\"tabladatos\" height=\"20\"><span class=\"texto_contenido_tabla\">H-11<\/span><\/td>\n<td class=\"tabladatos\"><span class=\"texto_contenido_tabla\">SE-11<\/span><\/td>\n<td class=\"tabladatos\"><span class=\"texto_contenido_tabla\">CO-11<\/span><\/td>\n<td class=\"tabladatos\"><span class=\"texto_contenido_tabla\">J-11<\/span><\/td>\n<\/tr>\n<tr>\n<td class=\"tabladatos\" height=\"20\"><span class=\"texto_contenido_tabla\">H-12<\/span><\/td>\n<td class=\"tabladatos\"><span class=\"texto_contenido_tabla\">SE-12<\/span><\/td>\n<td class=\"tabladatos\"><span class=\"texto_contenido_tabla\">CO-12<\/span><\/td>\n<td class=\"tabladatos\"><span class=\"texto_contenido_tabla\">J-12<\/span><\/td>\n<\/tr>\n<tr>\n<td class=\"tabladatos\" height=\"20\"><span class=\"texto_contenido_tabla\">H-13<\/span><\/td>\n<td class=\"tabladatos\"><span class=\"texto_contenido_tabla\">SE-13<\/span><\/td>\n<td class=\"tabladatos\"><span class=\"texto_contenido_tabla\">CO-13<\/span><\/td>\n<td class=\"tabladatos\"><span class=\"texto_contenido_tabla\">J-13<\/span><\/td>\n<\/tr>\n<tr>\n<td class=\"tabladatos\" height=\"20\"><span class=\"texto_contenido_tabla\">H-14<\/span><\/td>\n<td class=\"tabladatos\"><span class=\"texto_contenido_tabla\">SE-14<\/span><\/td>\n<td class=\"tabladatos\"><span class=\"texto_contenido_tabla\">CO-14<\/span><\/td>\n<td class=\"tabladatos\"><span class=\"texto_contenido_tabla\">J-14<\/span><\/td>\n<\/tr>\n<tr>\n<td class=\"tabladatos\" height=\"20\"><span class=\"texto_contenido_tabla\">H-15<\/span><\/td>\n<td class=\"tabladatos\"><span class=\"texto_contenido_tabla\">SE-15<\/span><\/td>\n<td class=\"tabladatos\"><span class=\"texto_contenido_tabla\">CO-15<\/span><\/td>\n<td class=\"tabladatos\"><span class=\"texto_contenido_tabla\">J-15<\/span><\/td>\n<\/tr>\n<tr>\n<td class=\"tabladatos\" height=\"20\"><span class=\"texto_contenido_tabla\">H-16<\/span><\/td>\n<td><\/td>\n<td><\/td>\n<td><\/td>\n<\/tr>\n<tr>\n<td class=\"tabladatos\" height=\"20\"><span class=\"texto_contenido_tabla\">H-17<\/span><\/td>\n<td><\/td>\n<td><\/td>\n<td><\/td>\n<\/tr>\n<\/tbody>\n<\/table>\n<\/td>\n<\/tr>\n<tr>\n<td height=\"38\"><\/td>\n<\/tr>\n<tr>\n<td class=\"alineado_inf\" height=\"198\"><span class=\"titular_ficha\">ESTATUS<\/span><br \/>\nEstival y migrante rara.<br \/>\n&nbsp;<\/p>\n<p><span class=\"titular_ficha\">POBLACI\u00d3N<\/span><br \/>\nEs una de las aves m\u00e1s escasas de Sierra Morena, contando con un solo n\u00facleo conocido (al menos 2 pp.).<\/p>\n<p><span class=\"titular_ficha\">H\u00c1BITAT<\/span><br \/>\nCumbres deforestadas con matorral ralo.<\/td>\n<\/tr>\n<\/tbody>\n<\/table>\n<\/td>\n<\/tr>\n<\/tbody>\n<\/table>\n<\/td>\n<\/tr>\n<tr>\n<td height=\"20\"><\/td>\n<\/tr>\n<tr>\n<td align=\"left\" valign=\"top\"><span class=\"titular_ficha\">FENOLOG\u00cdA<\/span><br \/>\nTodos los avistamientos se centran entre abril y septiembre.&nbsp;<\/p>\n<p><span class=\"titular_ficha\">DISTRIBUCI\u00d3N<\/span><br \/>\nS\u00f3lo sabemos de su reproducci\u00f3n en el cerro del Guindo (La Carolina). Apenas hay datos de su migraci\u00f3n por Sierra Morena, aunque pensamos que deben pasar aves por las cuatro provincias.<\/p>\n<p><span class=\"titular_ficha\">COMENTARIOS<\/span><br \/>\nEsta especie est\u00e1 asociada en la Pen\u00ednsula a \u00e1reas semides\u00e9rticas, marismas secas, campi\u00f1as y zonas de alta monta\u00f1a, donde cr\u00eda sobre todo en tomillares, saladares y otros matorrales bajos. No hemos encontrado datos previos de su reproducci\u00f3n en Sierra Morena hasta los obtenidos en las primaveras de 2010 y 2011.<\/p>\n<p>&nbsp;<\/td>\n<\/tr>\n<\/tbody>\n<\/table>\n","protected":false},"excerpt":{"rendered":"<p>Sylvia conspicillata ENE FEB MAR ABR MAY JUN JUL AGO SEP OCT NOV DIC CATEGOR\u00cdA DE AMENAZA CNEA CAEA LRAE LRVA &#8211; &#8211; &#8211; DD \u00bfD\u00d3NDE VERLO? HUELVA SEVILLA C\u00d3RDOBA JA\u00c9N H-1 SE-1 CO-1 J-1 H-2 SE-2 CO-2 J-2 H-3 SE-3 CO-3 J-3 H-4 SE-4 CO-4 J-4 H-5 SE-5 CO-5 J-5 H-6 SE-6 CO-6 J-6 [&hellip;]<\/p>\n","protected":false},"author":4,"featured_media":0,"parent":2519,"menu_order":0,"comment_status":"open","ping_status":"open","template":"","meta":{"ngg_post_thumbnail":0},"_links":{"self":[{"href":"http:\/\/avesdesierramorena.sierramorena.com\/index.php?rest_route=\/wp\/v2\/pages\/1287"}],"collection":[{"href":"http:\/\/avesdesierramorena.sierramorena.com\/index.php?rest_route=\/wp\/v2\/pages"}],"about":[{"href":"http:\/\/avesdesierramorena.sierramorena.com\/index.php?rest_route=\/wp\/v2\/types\/page"}],"author":[{"embeddable":true,"href":"http:\/\/avesdesierramorena.sierramorena.com\/index.php?rest_route=\/wp\/v2\/users\/4"}],"replies":[{"embeddable":true,"href":"http:\/\/avesdesierramorena.sierramorena.com\/index.php?rest_route=%2Fwp%2Fv2%2Fcomments&post=1287"}],"version-history":[{"count":6,"href":"http:\/\/avesdesierramorena.sierramorena.com\/index.php?rest_route=\/wp\/v2\/pages\/1287\/revisions"}],"predecessor-version":[{"id":3411,"href":"http:\/\/avesdesierramorena.sierramorena.com\/index.php?rest_route=\/wp\/v2\/pages\/1287\/revisions\/3411"}],"up":[{"embeddable":true,"href":"http:\/\/avesdesierramorena.sierramorena.com\/index.php?rest_route=\/wp\/v2\/pages\/2519"}],"wp:attachment":[{"href":"http:\/\/avesdesierramorena.sierramorena.com\/index.php?rest_route=%2Fwp%2Fv2%2Fmedia&parent=1287"}],"curies":[{"name":"wp","href":"https:\/\/api.w.org\/{rel}","templated":true}]}}