{"id":1306,"date":"2012-10-15T21:00:49","date_gmt":"2012-10-15T21:00:49","guid":{"rendered":"http:\/\/avesdesierramorena.sierramorena.com\/?page_id=1306"},"modified":"2012-10-26T19:29:24","modified_gmt":"2012-10-26T19:29:24","slug":"culebrera-europea","status":"publish","type":"page","link":"http:\/\/avesdesierramorena.sierramorena.com\/?page_id=1306","title":{"rendered":"Culebrera europea"},"content":{"rendered":"<table class=\"nuevatabla\" border=\"0\" cellspacing=\"0\" cellpadding=\"0\" width=\"900\">\n<tbody>\n<tr>\n<td align=\"left\" valign=\"top\">\n<table border=\"0\" cellspacing=\"0\" cellpadding=\"0\" width=\"900\">\n<tbody>\n<tr>\n<td width=\"612\">\n<table border=\"0\" cellspacing=\"0\" cellpadding=\"0\" width=\"612\">\n<tbody>\n<tr>\n<td width=\"693\" height=\"600\">\n<table border=\"0\" cellspacing=\"0\" cellpadding=\"0\" width=\"612\">\n<tbody>\n<tr>\n<td height=\"32\" align=\"left\" valign=\"middle\">\n<table border=\"0\" cellspacing=\"0\" cellpadding=\"0\" width=\"612\">\n<tbody>\n<tr>\n<td class=\"nuevatabla\" width=\"370\" height=\"32\" align=\"left\"><span class=\"nombre_latin\">Circaetus gallicus<\/span><\/td>\n<td width=\"123\" align=\"left\" valign=\"top\"><a href=\"http:\/\/www.xeno-canto.org\/29227\" target=\"_blank\"><img loading=\"lazy\" src=\"http:\/\/avesdesierramorena.sierramorena.com\/wp-content\/uploads\/2012\/05\/boton_escuchalos.gif\" alt=\"esc\u00fachalo!\" width=\"115\" height=\"32\" \/><\/a><\/td>\n<td width=\"119\" align=\"left\" valign=\"top\"><a href=\"http:\/\/avesdesierramorena.sierramorena.com\/wp-content\/uploads\/2012\/10\/culebrera_europea.pdf\" target=\"_blank\"><img loading=\"lazy\" src=\"http:\/\/avesdesierramorena.sierramorena.com\/wp-content\/uploads\/2012\/05\/bot_descargar_pdf.jpg\" alt=\"descargar ficha en PDF\" width=\"119\" height=\"32\" \/><\/a><\/td>\n<\/tr>\n<\/tbody>\n<\/table>\n<\/td>\n<\/tr>\n<tr>\n<td class=\"alineado_centrado\" height=\"570\"><img loading=\"lazy\" class=\"alignnone size-full wp-image-875\" title=\"culebrera europea\" src=\"http:\/\/avesdesierramorena.sierramorena.com\/wp-content\/uploads\/2012\/09\/culebrera-europea.jpg\" alt=\"\" width=\"612\" height=\"490\" srcset=\"http:\/\/avesdesierramorena.sierramorena.com\/wp-content\/uploads\/2012\/09\/culebrera-europea.jpg 612w, http:\/\/avesdesierramorena.sierramorena.com\/wp-content\/uploads\/2012\/09\/culebrera-europea-300x240.jpg 300w, http:\/\/avesdesierramorena.sierramorena.com\/wp-content\/uploads\/2012\/09\/culebrera-europea-200x160.jpg 200w\" sizes=\"(max-width: 612px) 100vw, 612px\" \/><\/td>\n<\/tr>\n<tr>\n<td height=\"15\" align=\"left\" valign=\"top\"><\/td>\n<\/tr>\n<tr>\n<td height=\"38\" align=\"left\" valign=\"top\">\n<table border=\"0\" cellspacing=\"0\" cellpadding=\"0\" width=\"612\">\n<tbody>\n<tr>\n<td class=\"meses_fondo_blanco\" width=\"38\" height=\"38\">ENE<\/td>\n<td width=\"14\"><\/td>\n<td class=\"meses_fondo_azul\" width=\"38\">FEB<\/td>\n<td width=\"14\"><\/td>\n<td class=\"meses_fondo_azul_oscuro\" width=\"38\">MAR<\/td>\n<td width=\"14\"><\/td>\n<td class=\"meses_fondo_azul_oscuro\" width=\"38\">ABR<\/td>\n<td width=\"14\"><\/td>\n<td class=\"meses_fondo_azul_oscuro\" width=\"38\">MAY<\/td>\n<td width=\"14\"><\/td>\n<td class=\"meses_fondo_azul_oscuro\" width=\"38\">JUN<\/td>\n<td width=\"14\"><\/td>\n<td class=\"meses_fondo_azul_oscuro\" width=\"38\">JUL<\/td>\n<td width=\"14\"><\/td>\n<td class=\"meses_fondo_azul_oscuro\" width=\"38\">AGO<\/td>\n<td width=\"14\"><\/td>\n<td class=\"meses_fondo_azul_oscuro\" width=\"38\">SEP<\/td>\n<td width=\"14\"><\/td>\n<td class=\"meses_fondo_azul\" width=\"38\">OCT<\/td>\n<td width=\"14\"><\/td>\n<td class=\"meses_fondo_blanco\" width=\"38\">NOV<\/td>\n<td width=\"14\"><\/td>\n<td class=\"meses_fondo_blanco\" width=\"38\">DIC<\/td>\n<\/tr>\n<\/tbody>\n<\/table>\n<\/td>\n<\/tr>\n<\/tbody>\n<\/table>\n<\/td>\n<\/tr>\n<tr>\n<td height=\"38\"><\/td>\n<\/tr>\n<tr>\n<td height=\"166\" align=\"left\" valign=\"top\"><img loading=\"lazy\" class=\"alignnone size-full wp-image-771\" title=\"75_75_75_75\" src=\"http:\/\/avesdesierramorena.sierramorena.com\/wp-content\/uploads\/2012\/09\/75_75_75_75.gif\" alt=\"\" width=\"612\" height=\"167\" srcset=\"http:\/\/avesdesierramorena.sierramorena.com\/wp-content\/uploads\/2012\/09\/75_75_75_75.gif 612w, http:\/\/avesdesierramorena.sierramorena.com\/wp-content\/uploads\/2012\/09\/75_75_75_75-300x81.gif 300w, http:\/\/avesdesierramorena.sierramorena.com\/wp-content\/uploads\/2012\/09\/75_75_75_75-200x54.gif 200w\" sizes=\"(max-width: 612px) 100vw, 612px\" \/><\/td>\n<\/tr>\n<\/tbody>\n<\/table>\n<\/td>\n<td width=\"38\"><\/td>\n<td class=\"alineado_inf\" width=\"250\" align=\"left\">\n<table border=\"0\" cellspacing=\"0\" cellpadding=\"0\" width=\"250\">\n<tbody>\n<tr>\n<td height=\"30\"><span class=\"titular_ficha\">CATEGOR\u00cdA DE AMENAZA<\/span><\/td>\n<\/tr>\n<tr>\n<td>\n<table class=\"tabladatos\" border=\"0\" cellspacing=\"0\" cellpadding=\"0\" width=\"250\">\n<tbody>\n<tr>\n<td class=\"fondo_cabecera_tabla\" width=\"60\" height=\"20\"><span class=\"texto_cabecera_tabla\">CNEA<\/span><\/td>\n<td class=\"fondo_cabecera_tabla\" width=\"60\"><span class=\"texto_cabecera_tabla\">CAEA<\/span><\/td>\n<td class=\"fondo_cabecera_tabla\" width=\"60\"><span class=\"texto_cabecera_tabla\">LRAE<\/span><\/td>\n<td class=\"fondo_cabecera_tabla\" width=\"60\"><span class=\"texto_cabecera_tabla\">LRVA<\/span><\/td>\n<\/tr>\n<tr>\n<td class=\"tabladatos\" height=\"20\"><span class=\"texto_contenido_tabla\">&#8211;<\/span><\/td>\n<td class=\"tabladatos\"><span class=\"texto_contenido_tabla\">&#8211;<\/span><\/td>\n<td class=\"tabladatos\"><span class=\"texto_contenido_tabla\">&#8211;<\/span><\/td>\n<td class=\"tabladatos\"><span class=\"texto_contenido_tabla\">&#8211;<\/span><\/td>\n<\/tr>\n<\/tbody>\n<\/table>\n<\/td>\n<\/tr>\n<tr>\n<td height=\"38\"><\/td>\n<\/tr>\n<tr>\n<td height=\"30\"><span class=\"titular_ficha\">\u00bfD\u00d3NDE VERLO?<\/span><\/td>\n<\/tr>\n<tr>\n<td>\n<table class=\"sinborde\" border=\"0\" cellspacing=\"0\" cellpadding=\"0\" width=\"250\">\n<tbody>\n<tr>\n<td class=\"fondo_cabecera_tabla\" width=\"60\" height=\"23\"><span class=\"texto_cabecera_tabla\">HUELVA<\/span><\/td>\n<td class=\"fondo_cabecera_tabla\" width=\"60\"><span class=\"texto_cabecera_tabla\">SEVILLA<\/span><\/td>\n<td class=\"fondo_cabecera_tabla\" width=\"60\"><span class=\"texto_cabecera_tabla\">C\u00d3RDOBA<\/span><\/td>\n<td class=\"fondo_cabecera_tabla\" width=\"60\"><span class=\"texto_cabecera_tabla\">JA\u00c9N<\/span><\/td>\n<\/tr>\n<tr>\n<td class=\"tabladatos\" height=\"20\"><span class=\"texto_contenido_tabla\"><a href=\"http:\/\/avesdesierramorena.sierramorena.com\/?page_id=395\">H-1<\/a><\/span><\/td>\n<td class=\"tabladatos\"><span class=\"texto_contenido_tabla\"><a href=\"http:\/\/avesdesierramorena.sierramorena.com\/?page_id=1479\">SE-1<\/a><\/span><\/td>\n<td class=\"tabladatos\"><span class=\"texto_contenido_tabla\"><a href=\"http:\/\/avesdesierramorena.sierramorena.com\/?page_id=1529\">CO-1<\/a><\/span><\/td>\n<td class=\"tabladatos\"><span class=\"texto_contenido_tabla\"><a href=\"http:\/\/avesdesierramorena.sierramorena.com\/?page_id=453\">J-1<\/a><\/span><\/td>\n<\/tr>\n<tr>\n<td class=\"tabladatos\" height=\"20\"><span class=\"texto_contenido_tabla\"><a href=\"http:\/\/avesdesierramorena.sierramorena.com\/?page_id=408\">H-2<\/a><\/span><\/td>\n<td class=\"tabladatos\"><span class=\"texto_contenido_tabla\"><a href=\"http:\/\/avesdesierramorena.sierramorena.com\/?page_id=1495\">SE-2<\/a><\/span><\/td>\n<td class=\"tabladatos\"><span class=\"texto_contenido_tabla\"><a href=\"http:\/\/avesdesierramorena.sierramorena.com\/?page_id=1533\">CO-2<\/a><\/span><\/td>\n<td class=\"tabladatos\"><span class=\"texto_contenido_tabla\"><a href=\"http:\/\/avesdesierramorena.sierramorena.com\/?page_id=462\">J-2<\/a><\/span><\/td>\n<\/tr>\n<tr>\n<td class=\"tabladatos\" height=\"20\"><span class=\"texto_contenido_tabla\"><a href=\"http:\/\/avesdesierramorena.sierramorena.com\/?page_id=416\">H-3<\/a><\/span><\/td>\n<td class=\"tabladatos\"><span class=\"texto_contenido_tabla\"><a href=\"http:\/\/avesdesierramorena.sierramorena.com\/?page_id=1497\">SE-3<\/a><\/span><\/td>\n<td class=\"tabladatos\"><span class=\"texto_contenido_tabla\"><a href=\"http:\/\/avesdesierramorena.sierramorena.com\/?page_id=1535\">CO-3<\/a><\/span><\/td>\n<td class=\"tabladatos\"><span class=\"texto_contenido_tabla\"><a href=\"http:\/\/avesdesierramorena.sierramorena.com\/?page_id=470\">J-3<\/a><\/span><\/td>\n<\/tr>\n<tr>\n<td class=\"tabladatos\" height=\"20\"><span class=\"texto_contenido_tabla\"><a href=\"http:\/\/avesdesierramorena.sierramorena.com\/?page_id=422\">H-4<\/a><\/span><\/td>\n<td class=\"tabladatos\"><span class=\"texto_contenido_tabla\"><a href=\"http:\/\/avesdesierramorena.sierramorena.com\/?page_id=1500\">SE-4<\/a><\/span><\/td>\n<td class=\"tabladatos\"><span class=\"texto_contenido_tabla\"><a href=\"http:\/\/avesdesierramorena.sierramorena.com\/?page_id=1537\">CO-4<\/a><\/span><\/td>\n<td class=\"tabladatos\"><span class=\"texto_contenido_tabla\"><a href=\"http:\/\/avesdesierramorena.sierramorena.com\/?page_id=475\">J-4<\/a><\/span><\/td>\n<\/tr>\n<tr>\n<td class=\"tabladatos\" height=\"20\"><span class=\"texto_contenido_tabla\"><a href=\"http:\/\/avesdesierramorena.sierramorena.com\/?page_id=428\">H-5<\/a><\/span><\/td>\n<td class=\"tabladatos\"><span class=\"texto_contenido_tabla\"><a href=\"http:\/\/avesdesierramorena.sierramorena.com\/?page_id=1503\">SE-5<\/a><\/span><\/td>\n<td class=\"tabladatos\"><span class=\"texto_contenido_tabla\">CO-5<\/span><\/td>\n<td class=\"tabladatos\"><span class=\"texto_contenido_tabla\"><a href=\"http:\/\/avesdesierramorena.sierramorena.com\/?page_id=479\">J-5<\/a><\/span><\/td>\n<\/tr>\n<tr>\n<td class=\"tabladatos\" height=\"20\"><span class=\"texto_contenido_tabla\"><a href=\"http:\/\/avesdesierramorena.sierramorena.com\/?page_id=432\">H-6<\/a><\/span><\/td>\n<td class=\"tabladatos\"><span class=\"texto_contenido_tabla\"><a href=\"http:\/\/avesdesierramorena.sierramorena.com\/?page_id=1506\">SE-6<\/a><\/span><\/td>\n<td class=\"tabladatos\"><span class=\"texto_contenido_tabla\"><a href=\"http:\/\/avesdesierramorena.sierramorena.com\/?page_id=1541\">CO-6<\/a><\/span><\/td>\n<td class=\"tabladatos\"><span class=\"texto_contenido_tabla\">J-6<\/span><\/td>\n<\/tr>\n<tr>\n<td class=\"tabladatos\" height=\"20\"><span class=\"texto_contenido_tabla\">H-7<\/span><\/td>\n<td class=\"tabladatos\"><span class=\"texto_contenido_tabla\"><a href=\"http:\/\/avesdesierramorena.sierramorena.com\/?page_id=1508\">SE-7<\/a><\/span><\/td>\n<td class=\"tabladatos\"><span class=\"texto_contenido_tabla\"><a href=\"http:\/\/avesdesierramorena.sierramorena.com\/?page_id=1543\">CO-7<\/a><\/span><\/td>\n<td class=\"tabladatos\"><span class=\"texto_contenido_tabla\"><a href=\"http:\/\/avesdesierramorena.sierramorena.com\/?page_id=485\">J-7<\/a><\/span><\/td>\n<\/tr>\n<tr>\n<td class=\"tabladatos\" height=\"20\"><span class=\"texto_contenido_tabla\"><a href=\"http:\/\/avesdesierramorena.sierramorena.com\/?page_id=440\">H-8<\/a><\/span><\/td>\n<td class=\"tabladatos\"><span class=\"texto_contenido_tabla\"><a href=\"http:\/\/avesdesierramorena.sierramorena.com\/?page_id=1510\">SE-8<\/a><\/span><\/td>\n<td class=\"tabladatos\"><span class=\"texto_contenido_tabla\"><a href=\"http:\/\/avesdesierramorena.sierramorena.com\/?page_id=1545\">CO-8<\/a><\/span><\/td>\n<td class=\"tabladatos\"><span class=\"texto_contenido_tabla\"><a href=\"http:\/\/avesdesierramorena.sierramorena.com\/?page_id=489\">J-8<\/a><\/span><\/td>\n<\/tr>\n<tr>\n<td class=\"tabladatos\" height=\"20\"><span class=\"texto_contenido_tabla\"><a href=\"http:\/\/avesdesierramorena.sierramorena.com\/?page_id=444\">H-9<\/a><\/span><\/td>\n<td class=\"tabladatos\"><span class=\"texto_contenido_tabla\"><a href=\"http:\/\/avesdesierramorena.sierramorena.com\/?page_id=1513\">SE-9<\/a><\/span><\/td>\n<td class=\"tabladatos\"><span class=\"texto_contenido_tabla\"><a href=\"http:\/\/avesdesierramorena.sierramorena.com\/?page_id=1547\">CO-9<\/a><\/span><\/td>\n<td class=\"tabladatos\"><span class=\"texto_contenido_tabla\"><a href=\"http:\/\/avesdesierramorena.sierramorena.com\/?page_id=494\">J-9<\/a><\/span><\/td>\n<\/tr>\n<tr>\n<td class=\"tabladatos\" height=\"20\"><span class=\"texto_contenido_tabla\"><a href=\"http:\/\/avesdesierramorena.sierramorena.com\/?page_id=447\">H-10<\/a><\/span><\/td>\n<td class=\"tabladatos\"><span class=\"texto_contenido_tabla\"><a href=\"http:\/\/avesdesierramorena.sierramorena.com\/?page_id=1515\">SE-10<\/a><\/span><\/td>\n<td class=\"tabladatos\"><span class=\"texto_contenido_tabla\"><a href=\"http:\/\/avesdesierramorena.sierramorena.com\/?page_id=1549\">CO-10<\/a><\/span><\/td>\n<td class=\"tabladatos\"><span class=\"texto_contenido_tabla\">J-10<\/span><\/td>\n<\/tr>\n<tr>\n<td class=\"tabladatos\" height=\"20\"><span class=\"texto_contenido_tabla\"><a href=\"http:\/\/avesdesierramorena.sierramorena.com\/?page_id=519\">H-11<\/a><\/span><\/td>\n<td class=\"tabladatos\"><span class=\"texto_contenido_tabla\">SE-11<\/span><\/td>\n<td class=\"tabladatos\"><span class=\"texto_contenido_tabla\"><a href=\"http:\/\/avesdesierramorena.sierramorena.com\/?page_id=1552\">CO-11<\/a><\/span><\/td>\n<td class=\"tabladatos\"><span class=\"texto_contenido_tabla\">J-11<\/span><\/td>\n<\/tr>\n<tr>\n<td class=\"tabladatos\" height=\"20\"><span class=\"texto_contenido_tabla\">H-12<\/span><\/td>\n<td class=\"tabladatos\"><span class=\"texto_contenido_tabla\"><a href=\"http:\/\/avesdesierramorena.sierramorena.com\/?page_id=1519\">SE-12<\/a><\/span><\/td>\n<td class=\"tabladatos\"><span class=\"texto_contenido_tabla\">CO-12<\/span><\/td>\n<td class=\"tabladatos\"><span class=\"texto_contenido_tabla\"><a href=\"http:\/\/avesdesierramorena.sierramorena.com\/?page_id=500\">J-12<\/a><\/span><\/td>\n<\/tr>\n<tr>\n<td class=\"tabladatos\" height=\"20\"><span class=\"texto_contenido_tabla\"><a href=\"http:\/\/avesdesierramorena.sierramorena.com\/?page_id=527\">H-13<\/a><\/span><\/td>\n<td class=\"tabladatos\"><span class=\"texto_contenido_tabla\"><a href=\"http:\/\/avesdesierramorena.sierramorena.com\/?page_id=1522\">SE-13<\/a><\/span><\/td>\n<td class=\"tabladatos\"><span class=\"texto_contenido_tabla\"><a href=\"http:\/\/avesdesierramorena.sierramorena.com\/?page_id=1556\">CO-13<\/a><\/span><\/td>\n<td class=\"tabladatos\"><span class=\"texto_contenido_tabla\">J-13<\/span><\/td>\n<\/tr>\n<tr>\n<td class=\"tabladatos\" height=\"20\"><span class=\"texto_contenido_tabla\"><a href=\"http:\/\/avesdesierramorena.sierramorena.com\/?page_id=532\">H-14<\/a><\/span><\/td>\n<td class=\"tabladatos\"><span class=\"texto_contenido_tabla\"><a href=\"http:\/\/avesdesierramorena.sierramorena.com\/?page_id=1525\">SE-14<\/a><\/span><\/td>\n<td class=\"tabladatos\"><span class=\"texto_contenido_tabla\"><a href=\"http:\/\/avesdesierramorena.sierramorena.com\/?page_id=1558\">CO-14<\/a><\/span><\/td>\n<td class=\"tabladatos\"><span class=\"texto_contenido_tabla\"><a href=\"http:\/\/avesdesierramorena.sierramorena.com\/?page_id=504\">J-14<\/a><\/span><\/td>\n<\/tr>\n<tr>\n<td class=\"tabladatos\" height=\"20\"><span class=\"texto_contenido_tabla\"><a href=\"http:\/\/avesdesierramorena.sierramorena.com\/?page_id=536\">H-15<\/a><\/span><\/td>\n<td class=\"tabladatos\"><span class=\"texto_contenido_tabla\"><a href=\"http:\/\/avesdesierramorena.sierramorena.com\/?page_id=1527\">SE-15<\/a><\/span><\/td>\n<td class=\"tabladatos\"><span class=\"texto_contenido_tabla\"><a href=\"http:\/\/avesdesierramorena.sierramorena.com\/?page_id=1560\">CO-15<\/a><\/span><\/td>\n<td class=\"tabladatos\"><span class=\"texto_contenido_tabla\">J-15<\/span><\/td>\n<\/tr>\n<tr>\n<td class=\"tabladatos\" height=\"20\"><span class=\"texto_contenido_tabla\"><a href=\"http:\/\/avesdesierramorena.sierramorena.com\/?page_id=539\">H-16<\/a><\/span><\/td>\n<td><\/td>\n<td><\/td>\n<td><\/td>\n<\/tr>\n<tr>\n<td class=\"tabladatos\" height=\"20\"><span class=\"texto_contenido_tabla\"><a href=\"http:\/\/avesdesierramorena.sierramorena.com\/?page_id=543\">H-17<\/a><\/span><\/td>\n<td><\/td>\n<td><\/td>\n<td><\/td>\n<\/tr>\n<\/tbody>\n<\/table>\n<\/td>\n<\/tr>\n<tr>\n<td height=\"38\"><\/td>\n<\/tr>\n<tr>\n<td class=\"alineado_inf\" height=\"198\"><span class=\"titular_ficha\">ESTATUS<\/span><br \/>\n<span class=\"texto_ficha\">Estival y migrante, con algunos casos de aves invernantes<\/span>.&nbsp;<\/p>\n<p><span class=\"titular_ficha\">POBLACI\u00d3N<\/span><br \/>\n<span class=\"texto_ficha\">Com\u00fan en todo el territorio.<\/span><\/p>\n<p><span class=\"titular_ficha\">H\u00c1BITAT<\/span><br \/>\n<span class=\"texto_ficha\">Para criar requiere una cierta extensi\u00f3n de superficie de bosque mediterr\u00e1neo o pinares donde no haya molestias. Se alimenta en manchas de monte y \u00e1reas despejadas de vegetaci\u00f3n en las que la insolaci\u00f3n sea considerable y por ello abunden sus presas (principalmente, lagartos y culebras).<\/span><\/td>\n<\/tr>\n<\/tbody>\n<\/table>\n<\/td>\n<\/tr>\n<\/tbody>\n<\/table>\n<\/td>\n<\/tr>\n<tr>\n<td height=\"20\"><\/td>\n<\/tr>\n<tr>\n<td align=\"left\" valign=\"top\"><span class=\"titular_ficha\">FENOLOG\u00cdA<br \/>\n<\/span>Las primeras llegan en febrero, aunque el grueso lo hace en marzo. Se marchan en septiembre, con algunos ejemplares que se ven en octubre. Hay tambi\u00e9n citas aisladas en diciembre y enero.&nbsp;<\/p>\n<p><span class=\"titular_ficha\">DISTRIBUCI\u00d3N<br \/>\n<\/span>Bastante repartida por todo el territorio. Es una de las rapaces m\u00e1s f\u00e1ciles de detectar en primavera y verano.<\/p>\n<p><span class=\"titular_ficha\">COMENTARIOS<br \/>\n<\/span>Existe un dato de un ave italiana que migr\u00f3 a \u00c1frica por el Estrecho de Gibraltar, pasando para ello por Sierra de Aracena y Picos de Aroche en octubre de 2011.<\/p>\n<p>&nbsp;<\/td>\n<\/tr>\n<\/tbody>\n<\/table>\n","protected":false},"excerpt":{"rendered":"<p>Circaetus gallicus ENE FEB MAR ABR MAY JUN JUL AGO SEP OCT NOV DIC CATEGOR\u00cdA DE AMENAZA CNEA CAEA LRAE LRVA &#8211; &#8211; &#8211; &#8211; \u00bfD\u00d3NDE VERLO? HUELVA SEVILLA C\u00d3RDOBA JA\u00c9N H-1 SE-1 CO-1 J-1 H-2 SE-2 CO-2 J-2 H-3 SE-3 CO-3 J-3 H-4 SE-4 CO-4 J-4 H-5 SE-5 CO-5 J-5 H-6 SE-6 CO-6 J-6 [&hellip;]<\/p>\n","protected":false},"author":4,"featured_media":0,"parent":2519,"menu_order":0,"comment_status":"open","ping_status":"open","template":"","meta":{"ngg_post_thumbnail":0},"_links":{"self":[{"href":"http:\/\/avesdesierramorena.sierramorena.com\/index.php?rest_route=\/wp\/v2\/pages\/1306"}],"collection":[{"href":"http:\/\/avesdesierramorena.sierramorena.com\/index.php?rest_route=\/wp\/v2\/pages"}],"about":[{"href":"http:\/\/avesdesierramorena.sierramorena.com\/index.php?rest_route=\/wp\/v2\/types\/page"}],"author":[{"embeddable":true,"href":"http:\/\/avesdesierramorena.sierramorena.com\/index.php?rest_route=\/wp\/v2\/users\/4"}],"replies":[{"embeddable":true,"href":"http:\/\/avesdesierramorena.sierramorena.com\/index.php?rest_route=%2Fwp%2Fv2%2Fcomments&post=1306"}],"version-history":[{"count":7,"href":"http:\/\/avesdesierramorena.sierramorena.com\/index.php?rest_route=\/wp\/v2\/pages\/1306\/revisions"}],"predecessor-version":[{"id":3404,"href":"http:\/\/avesdesierramorena.sierramorena.com\/index.php?rest_route=\/wp\/v2\/pages\/1306\/revisions\/3404"}],"up":[{"embeddable":true,"href":"http:\/\/avesdesierramorena.sierramorena.com\/index.php?rest_route=\/wp\/v2\/pages\/2519"}],"wp:attachment":[{"href":"http:\/\/avesdesierramorena.sierramorena.com\/index.php?rest_route=%2Fwp%2Fv2%2Fmedia&parent=1306"}],"curies":[{"name":"wp","href":"https:\/\/api.w.org\/{rel}","templated":true}]}}