
{"id":1436,"date":"2012-10-16T12:07:01","date_gmt":"2012-10-16T12:07:01","guid":{"rendered":"http:\/\/avesdesierramorena.sierramorena.com\/?page_id=1436"},"modified":"2012-10-26T19:31:12","modified_gmt":"2012-10-26T19:31:12","slug":"lugano","status":"publish","type":"page","link":"http:\/\/avesdesierramorena.sierramorena.com\/?page_id=1436","title":{"rendered":"L\u00fagano"},"content":{"rendered":"<table class=\"nuevatabla\" border=\"0\" cellspacing=\"0\" cellpadding=\"0\" width=\"900\">\n<tbody>\n<tr>\n<td align=\"left\" valign=\"top\">\n<table border=\"0\" cellspacing=\"0\" cellpadding=\"0\" width=\"900\">\n<tbody>\n<tr>\n<td width=\"612\">\n<table border=\"0\" cellspacing=\"0\" cellpadding=\"0\" width=\"612\">\n<tbody>\n<tr>\n<td width=\"693\" height=\"600\">\n<table border=\"0\" cellspacing=\"0\" cellpadding=\"0\" width=\"612\">\n<tbody>\n<tr>\n<td height=\"32\" align=\"left\" valign=\"middle\">\n<table border=\"0\" cellspacing=\"0\" cellpadding=\"0\" width=\"612\">\n<tbody>\n<tr>\n<td class=\"nuevatabla\" width=\"370\" height=\"32\" align=\"left\"><span class=\"nombre_latin\">Carduelis spinus<\/span><\/td>\n<td width=\"123\" align=\"left\" valign=\"top\"><a href=\"http:\/\/www.xeno-canto.org\/27687\"><img loading=\"lazy\" src=\"http:\/\/avesdesierramorena.sierramorena.com\/wp-content\/uploads\/2012\/05\/boton_escuchalos.gif\" alt=\"esc\u00fachalo!\" width=\"115\" height=\"32\" \/><\/a><\/td>\n<td width=\"119\" align=\"left\" valign=\"top\"><a href=\"http:\/\/avesdesierramorena.sierramorena.com\/wp-content\/uploads\/2012\/10\/lugano.pdf\" target=\"_blank\"><img loading=\"lazy\" src=\"http:\/\/avesdesierramorena.sierramorena.com\/wp-content\/uploads\/2012\/05\/bot_descargar_pdf.jpg\" alt=\"descargar ficha en PDF\" width=\"119\" height=\"32\" \/><\/a><\/td>\n<\/tr>\n<\/tbody>\n<\/table>\n<\/td>\n<\/tr>\n<tr>\n<td class=\"alineado_centrado\" height=\"560\"><img loading=\"lazy\" src=\"http:\/\/avesdesierramorena.sierramorena.com\/wp-content\/uploads\/2012\/09\/lugano.jpg\" alt=\"\" width=\"612\" height=\"465\" \/><\/td>\n<\/tr>\n<tr>\n<td height=\"15\" align=\"left\" valign=\"top\"><\/td>\n<\/tr>\n<tr>\n<td height=\"38\" align=\"left\" valign=\"top\">\n<table border=\"0\" cellspacing=\"0\" cellpadding=\"0\" width=\"612\">\n<tbody>\n<tr>\n<td class=\"meses_fondo_azul_oscuro\" width=\"38\" height=\"38\">ENE<\/td>\n<td width=\"14\"><\/td>\n<td class=\"meses_fondo_azul_oscuro\" width=\"38\">FEB<\/td>\n<td width=\"14\"><\/td>\n<td class=\"meses_fondo_azul_oscuro\" width=\"38\">MAR<\/td>\n<td width=\"14\"><\/td>\n<td class=\"meses_fondo_azul\" width=\"38\">ABR<\/td>\n<td width=\"14\"><\/td>\n<td class=\"meses_fondo_blanco\" width=\"38\">MAY<\/td>\n<td width=\"14\"><\/td>\n<td class=\"meses_fondo_blanco\" width=\"38\">JUN<\/td>\n<td width=\"14\"><\/td>\n<td class=\"meses_fondo_blanco\" width=\"38\">JUL<\/td>\n<td width=\"14\"><\/td>\n<td class=\"meses_fondo_blanco\" width=\"38\">AGO<\/td>\n<td width=\"14\"><\/td>\n<td class=\"meses_fondo_blanco\" width=\"38\">SEP<\/td>\n<td width=\"14\"><\/td>\n<td class=\"meses_fondo_azul_oscuro\" width=\"38\">OCT<\/td>\n<td width=\"14\"><\/td>\n<td class=\"meses_fondo_azul_oscuro\" width=\"38\">NOV<\/td>\n<td width=\"14\"><\/td>\n<td class=\"meses_fondo_azul_oscuro\" width=\"38\">DIC<\/td>\n<\/tr>\n<\/tbody>\n<\/table>\n<\/td>\n<\/tr>\n<\/tbody>\n<\/table>\n<\/td>\n<\/tr>\n<tr>\n<td height=\"38\"><\/td>\n<\/tr>\n<tr>\n<td height=\"166\" align=\"left\" valign=\"top\"><img src=\"http:\/\/avesdesierramorena.sierramorena.com\/wp-content\/uploads\/2012\/09\/75_75_75_75.gif\" alt=\"s\" \/><\/td>\n<\/tr>\n<\/tbody>\n<\/table>\n<\/td>\n<td width=\"38\"><\/td>\n<td class=\"alineado_inf\" width=\"250\" align=\"left\">\n<table border=\"0\" cellspacing=\"0\" cellpadding=\"0\" width=\"250\">\n<tbody>\n<tr>\n<td height=\"30\"><span class=\"titular_ficha\">CATEGOR\u00cdA DE AMENAZA<\/span><\/td>\n<\/tr>\n<tr>\n<td>\n<table class=\"tabladatos\" border=\"0\" cellspacing=\"0\" cellpadding=\"0\" width=\"250\">\n<tbody>\n<tr>\n<td class=\"fondo_cabecera_tabla\" width=\"60\" height=\"20\"><span class=\"texto_cabecera_tabla\">CNEA<\/span><\/td>\n<td class=\"fondo_cabecera_tabla\" width=\"60\"><span class=\"texto_cabecera_tabla\">CAEA<\/span><\/td>\n<td class=\"fondo_cabecera_tabla\" width=\"60\"><span class=\"texto_cabecera_tabla\">LRAE<\/span><\/td>\n<td class=\"fondo_cabecera_tabla\" width=\"60\"><span class=\"texto_cabecera_tabla\">LRVA<\/span><\/td>\n<\/tr>\n<tr>\n<td class=\"tabladatos\" height=\"20\"><span class=\"texto_contenido_tabla\">&#8211;<\/span><\/td>\n<td class=\"tabladatos\"><span class=\"texto_contenido_tabla\">&#8211;<\/span><\/td>\n<td class=\"tabladatos\"><span class=\"texto_contenido_tabla\">&#8211;<\/span><\/td>\n<td class=\"tabladatos\"><span class=\"texto_contenido_tabla\">&#8211;<\/span><\/td>\n<\/tr>\n<\/tbody>\n<\/table>\n<\/td>\n<\/tr>\n<tr>\n<td height=\"38\"><\/td>\n<\/tr>\n<tr>\n<td height=\"30\"><span class=\"titular_ficha\">\u00bfD\u00d3NDE VERLO?<\/span><\/td>\n<\/tr>\n<tr>\n<td>\n<table class=\"sinborde\" border=\"0\" cellspacing=\"0\" cellpadding=\"0\" width=\"250\">\n<tbody>\n<tr>\n<td class=\"fondo_cabecera_tabla\" width=\"60\" height=\"23\"><span class=\"texto_cabecera_tabla\">HUELVA<\/span><\/td>\n<td class=\"fondo_cabecera_tabla\" width=\"60\"><span class=\"texto_cabecera_tabla\">SEVILLA<\/span><\/td>\n<td class=\"fondo_cabecera_tabla\" width=\"60\"><span class=\"texto_cabecera_tabla\">C\u00d3RDOBA<\/span><\/td>\n<td class=\"fondo_cabecera_tabla\" width=\"60\"><span class=\"texto_cabecera_tabla\">JA\u00c9N<\/span><\/td>\n<\/tr>\n<tr>\n<td class=\"tabladatos\" height=\"20\"><span class=\"texto_contenido_tabla\">H-1<\/span><\/td>\n<td class=\"tabladatos\"><span class=\"texto_contenido_tabla\">SE-1<\/span><\/td>\n<td class=\"tabladatos\"><span class=\"texto_contenido_tabla\">CO-1<\/span><\/td>\n<td class=\"tabladatos\"><span class=\"texto_contenido_tabla\">J-1<\/span><\/td>\n<\/tr>\n<tr>\n<td class=\"tabladatos\" height=\"20\"><span class=\"texto_contenido_tabla\">H-2<\/span><\/td>\n<td class=\"tabladatos\"><span class=\"texto_contenido_tabla\">SE-2<\/span><\/td>\n<td class=\"tabladatos\"><span class=\"texto_contenido_tabla\">CO-2<\/span><\/td>\n<td class=\"tabladatos\"><span class=\"texto_contenido_tabla\">J-2<\/span><\/td>\n<\/tr>\n<tr>\n<td class=\"tabladatos\" height=\"20\"><span class=\"texto_contenido_tabla\">H-3<\/span><\/td>\n<td class=\"tabladatos\"><span class=\"texto_contenido_tabla\">SE-3<\/span><\/td>\n<td class=\"tabladatos\"><span class=\"texto_contenido_tabla\"><a href=\"http:\/\/avesdesierramorena.sierramorena.com\/?page_id=1535\">CO-3<\/a><\/span><\/td>\n<td class=\"tabladatos\"><span class=\"texto_contenido_tabla\">J-3<\/span><\/td>\n<\/tr>\n<tr>\n<td class=\"tabladatos\" height=\"20\"><span class=\"texto_contenido_tabla\">H-4<\/span><\/td>\n<td class=\"tabladatos\"><span class=\"texto_contenido_tabla\">SE-4<\/span><\/td>\n<td class=\"tabladatos\"><span class=\"texto_contenido_tabla\">CO-4<\/span><\/td>\n<td class=\"tabladatos\"><span class=\"texto_contenido_tabla\"><a href=\"http:\/\/avesdesierramorena.sierramorena.com\/?page_id=475\">J-4<\/a><\/span><\/td>\n<\/tr>\n<tr>\n<td class=\"tabladatos\" height=\"20\"><span class=\"texto_contenido_tabla\">H-5<\/span><\/td>\n<td class=\"tabladatos\"><span class=\"texto_contenido_tabla\">SE-5<\/span><\/td>\n<td class=\"tabladatos\"><span class=\"texto_contenido_tabla\">CO-5<\/span><\/td>\n<td class=\"tabladatos\"><span class=\"texto_contenido_tabla\"><a href=\"http:\/\/avesdesierramorena.sierramorena.com\/?page_id=479\">J-5<\/a><\/span><\/td>\n<\/tr>\n<tr>\n<td class=\"tabladatos\" height=\"20\"><span class=\"texto_contenido_tabla\">H-6<\/span><\/td>\n<td class=\"tabladatos\"><span class=\"texto_contenido_tabla\"><a href=\"http:\/\/avesdesierramorena.sierramorena.com\/?page_id=1506\">SE-6<\/a><\/span><\/td>\n<td class=\"tabladatos\"><span class=\"texto_contenido_tabla\">CO-6<\/span><\/td>\n<td class=\"tabladatos\"><span class=\"texto_contenido_tabla\">J-6<\/span><\/td>\n<\/tr>\n<tr>\n<td class=\"tabladatos\" height=\"20\"><span class=\"texto_contenido_tabla\">H-7<\/span><\/td>\n<td class=\"tabladatos\"><span class=\"texto_contenido_tabla\"><a href=\"http:\/\/avesdesierramorena.sierramorena.com\/?page_id=1508\">SE-7<\/a><\/span><\/td>\n<td class=\"tabladatos\"><span class=\"texto_contenido_tabla\">CO-7<\/span><\/td>\n<td class=\"tabladatos\"><span class=\"texto_contenido_tabla\"><a href=\"http:\/\/avesdesierramorena.sierramorena.com\/?page_id=485\">J-7<\/a><\/span><\/td>\n<\/tr>\n<tr>\n<td class=\"tabladatos\" height=\"20\"><span class=\"texto_contenido_tabla\"><a href=\"http:\/\/avesdesierramorena.sierramorena.com\/?page_id=440\">H-8<\/a><\/span><\/td>\n<td class=\"tabladatos\"><span class=\"texto_contenido_tabla\"><a href=\"http:\/\/avesdesierramorena.sierramorena.com\/?page_id=1510\">SE-8<\/a><\/span><\/td>\n<td class=\"tabladatos\"><span class=\"texto_contenido_tabla\"><a href=\"http:\/\/avesdesierramorena.sierramorena.com\/?page_id=1545\">CO-8<\/a><\/span><\/td>\n<td class=\"tabladatos\"><span class=\"texto_contenido_tabla\"><a href=\"http:\/\/avesdesierramorena.sierramorena.com\/?page_id=489\">J-8<\/a><\/span><\/td>\n<\/tr>\n<tr>\n<td class=\"tabladatos\" height=\"20\"><span class=\"texto_contenido_tabla\">H-9<\/span><\/td>\n<td class=\"tabladatos\"><span class=\"texto_contenido_tabla\">SE-9<\/span><\/td>\n<td class=\"tabladatos\"><span class=\"texto_contenido_tabla\">CO-9<\/span><\/td>\n<td class=\"tabladatos\"><span class=\"texto_contenido_tabla\"><a href=\"http:\/\/avesdesierramorena.sierramorena.com\/?page_id=494\">J-9<\/a><\/span><\/td>\n<\/tr>\n<tr>\n<td class=\"tabladatos\" height=\"20\"><span class=\"texto_contenido_tabla\">H-10<\/span><\/td>\n<td class=\"tabladatos\"><span class=\"texto_contenido_tabla\">SE-10<\/span><\/td>\n<td class=\"tabladatos\"><span class=\"texto_contenido_tabla\">CO-10<\/span><\/td>\n<td class=\"tabladatos\"><span class=\"texto_contenido_tabla\"><a href=\"http:\/\/avesdesierramorena.sierramorena.com\/?page_id=496\">J-10<\/a><\/span><\/td>\n<\/tr>\n<tr>\n<td class=\"tabladatos\" height=\"20\"><span class=\"texto_contenido_tabla\"><a href=\"http:\/\/avesdesierramorena.sierramorena.com\/?page_id=519\">H-11<\/a><\/span><\/td>\n<td class=\"tabladatos\"><span class=\"texto_contenido_tabla\"><a href=\"http:\/\/avesdesierramorena.sierramorena.com\/?page_id=1517\">SE-11<\/a><\/span><\/td>\n<td class=\"tabladatos\"><span class=\"texto_contenido_tabla\"><a href=\"http:\/\/avesdesierramorena.sierramorena.com\/?page_id=1552\">CO-11<\/a><\/span><\/td>\n<td class=\"tabladatos\"><span class=\"texto_contenido_tabla\">J-11<\/span><\/td>\n<\/tr>\n<tr>\n<td class=\"tabladatos\" height=\"20\"><span class=\"texto_contenido_tabla\">H-12<\/span><\/td>\n<td class=\"tabladatos\"><span class=\"texto_contenido_tabla\">SE-12<\/span><\/td>\n<td class=\"tabladatos\"><span class=\"texto_contenido_tabla\">CO-12<\/span><\/td>\n<td class=\"tabladatos\"><span class=\"texto_contenido_tabla\">J-12<\/span><\/td>\n<\/tr>\n<tr>\n<td class=\"tabladatos\" height=\"20\"><span class=\"texto_contenido_tabla\"><a href=\"http:\/\/avesdesierramorena.sierramorena.com\/?page_id=527\">H-13<\/a><\/span><\/td>\n<td class=\"tabladatos\"><span class=\"texto_contenido_tabla\">SE-13<\/span><\/td>\n<td class=\"tabladatos\"><span class=\"texto_contenido_tabla\">CO-13<\/span><\/td>\n<td class=\"tabladatos\"><span class=\"texto_contenido_tabla\">J-13<\/span><\/td>\n<\/tr>\n<tr>\n<td class=\"tabladatos\" height=\"20\"><span class=\"texto_contenido_tabla\">H-14<\/span><\/td>\n<td class=\"tabladatos\"><span class=\"texto_contenido_tabla\">SE-14<\/span><\/td>\n<td class=\"tabladatos\"><span class=\"texto_contenido_tabla\">CO-14<\/span><\/td>\n<td class=\"tabladatos\"><span class=\"texto_contenido_tabla\">J-14<\/span><\/td>\n<\/tr>\n<tr>\n<td class=\"tabladatos\" height=\"20\"><span class=\"texto_contenido_tabla\"><a href=\"http:\/\/avesdesierramorena.sierramorena.com\/?page_id=536\">H-15<\/a><\/span><\/td>\n<td class=\"tabladatos\"><span class=\"texto_contenido_tabla\">SE-15<\/span><\/td>\n<td class=\"tabladatos\"><span class=\"texto_contenido_tabla\">CO-15<\/span><\/td>\n<td class=\"tabladatos\"><span class=\"texto_contenido_tabla\">J-15<\/span><\/td>\n<\/tr>\n<tr>\n<td class=\"tabladatos\" height=\"20\"><span class=\"texto_contenido_tabla\">H-16<\/span><\/td>\n<td><\/td>\n<td><\/td>\n<td><\/td>\n<\/tr>\n<tr>\n<td class=\"tabladatos\" height=\"20\"><span class=\"texto_contenido_tabla\">H-17<\/span><\/td>\n<td><\/td>\n<td><\/td>\n<td><\/td>\n<\/tr>\n<\/tbody>\n<\/table>\n<\/td>\n<\/tr>\n<tr>\n<td height=\"38\"><\/td>\n<\/tr>\n<tr>\n<td class=\"alineado_inf\" height=\"198\"><span class=\"titular_ficha\">ESTATUS<br \/>\n<\/span>Invernante.&nbsp;<\/p>\n<p><span class=\"titular_ficha\">POBLACI\u00d3N<\/span><br \/>\n<span class=\"texto_ficha\">Com\u00fan, aunque sus efectivos var\u00edan mucho entre distintos inviernos.<\/span><\/p>\n<p><span class=\"titular_ficha\">H\u00c1BITAT<\/span><br \/>\n<span class=\"texto_ficha\">Explota una amplia horquilla de h\u00e1bitats, en funci\u00f3n del alimento disponible. La estampa m\u00e1s habitual es verlo en bosques de ribera aliment\u00e1ndose de \u201cpi\u00f1as\u201d de aliso, aunque tambi\u00e9n frecuenta pinares, prados, matorrales y claros en bosques con suelo despejado.<\/span><\/td>\n<\/tr>\n<\/tbody>\n<\/table>\n<\/td>\n<\/tr>\n<\/tbody>\n<\/table>\n<\/td>\n<\/tr>\n<tr>\n<td height=\"20\"><\/td>\n<\/tr>\n<tr>\n<td align=\"left\" valign=\"top\"><span class=\"titular_ficha\">FENOLOG\u00cdA<br \/>\n<\/span>Llega en octubre y se marcha en marzo, con algunas aves en abril.&nbsp;<\/p>\n<p><span class=\"titular_ficha\">DISTRIBUCI\u00d3N<br \/>\n<\/span>Bien repartido por todo el territorio. Es escaso en las \u00e1reas de cultivo de la campi\u00f1a.<br \/>\n<span class=\"texto_ficha\"><br \/>\n<\/span><\/td>\n<\/tr>\n<\/tbody>\n<\/table>\n","protected":false},"excerpt":{"rendered":"<p>Carduelis spinus ENE FEB MAR ABR MAY JUN JUL AGO SEP OCT NOV DIC CATEGOR\u00cdA DE AMENAZA CNEA CAEA LRAE LRVA &#8211; &#8211; &#8211; &#8211; \u00bfD\u00d3NDE VERLO? HUELVA SEVILLA C\u00d3RDOBA JA\u00c9N H-1 SE-1 CO-1 J-1 H-2 SE-2 CO-2 J-2 H-3 SE-3 CO-3 J-3 H-4 SE-4 CO-4 J-4 H-5 SE-5 CO-5 J-5 H-6 SE-6 CO-6 J-6 [&hellip;]<\/p>\n","protected":false},"author":4,"featured_media":0,"parent":2519,"menu_order":0,"comment_status":"open","ping_status":"open","template":"","meta":{"ngg_post_thumbnail":0},"_links":{"self":[{"href":"http:\/\/avesdesierramorena.sierramorena.com\/index.php?rest_route=\/wp\/v2\/pages\/1436"}],"collection":[{"href":"http:\/\/avesdesierramorena.sierramorena.com\/index.php?rest_route=\/wp\/v2\/pages"}],"about":[{"href":"http:\/\/avesdesierramorena.sierramorena.com\/index.php?rest_route=\/wp\/v2\/types\/page"}],"author":[{"embeddable":true,"href":"http:\/\/avesdesierramorena.sierramorena.com\/index.php?rest_route=\/wp\/v2\/users\/4"}],"replies":[{"embeddable":true,"href":"http:\/\/avesdesierramorena.sierramorena.com\/index.php?rest_route=%2Fwp%2Fv2%2Fcomments&post=1436"}],"version-history":[{"count":6,"href":"http:\/\/avesdesierramorena.sierramorena.com\/index.php?rest_route=\/wp\/v2\/pages\/1436\/revisions"}],"predecessor-version":[{"id":3453,"href":"http:\/\/avesdesierramorena.sierramorena.com\/index.php?rest_route=\/wp\/v2\/pages\/1436\/revisions\/3453"}],"up":[{"embeddable":true,"href":"http:\/\/avesdesierramorena.sierramorena.com\/index.php?rest_route=\/wp\/v2\/pages\/2519"}],"wp:attachment":[{"href":"http:\/\/avesdesierramorena.sierramorena.com\/index.php?rest_route=%2Fwp%2Fv2%2Fmedia&parent=1436"}],"curies":[{"name":"wp","href":"https:\/\/api.w.org\/{rel}","templated":true}]}}