{"id":1549,"date":"2012-09-27T04:23:17","date_gmt":"2012-09-27T04:23:17","guid":{"rendered":"http:\/\/avesdesierramorena.sierramorena.com\/?page_id=1549"},"modified":"2013-04-22T09:49:40","modified_gmt":"2013-04-22T09:49:40","slug":"co-10-un-monte-de-pelicula","status":"publish","type":"page","link":"http:\/\/avesdesierramorena.sierramorena.com\/?page_id=1549","title":{"rendered":"CO-10. Un Monte de Pel\u00edcula"},"content":{"rendered":"<table border=\"0\" cellspacing=\"0\" cellpadding=\"0\" width=\"580\">\n<tbody>\n<tr>\n<td class=\"tabla_ficha_ruta_arriba\"><\/td>\n<\/tr>\n<tr>\n<td><img src=\"\/imagenes\/co-10_ficha.jpg\" alt=\"\" \/><\/td>\n<\/tr>\n<tr>\n<td>\n<hr \/>\n<\/td>\n<\/tr>\n<tr>\n<td>\n<table border=\"0\" cellspacing=\"0\" cellpadding=\"0\" width=\"580\">\n<tbody>\n<tr>\n<td><\/td>\n<\/tr>\n<tr>\n<td width=\"196\" valign=\"top\">\n<table class=\"tabla_ficha_ruta\" border=\"0\" cellspacing=\"0\" cellpadding=\"0\" width=\"190\">\n<tbody>\n<tr>\n<td valign=\"bottom\" background=\"\/imagenes\/pixel_gris.jpg\"><img loading=\"lazy\" src=\"\/imagenes\/titulo_senalizacion.jpg\" alt=\"\" width=\"123\" height=\"24\" \/><\/td>\n<\/tr>\n<tr>\n<td>\n<ul>\n<li><span class=\"info_campo_ficha_ruta\">No hay.<\/span><\/li>\n<\/ul>\n<\/td>\n<\/tr>\n<tr>\n<td><\/td>\n<\/tr>\n<tr>\n<td valign=\"bottom\"><img loading=\"lazy\" src=\"\/imagenes\/titulo_material.jpg\" alt=\"\" width=\"90\" height=\"24\" \/><\/td>\n<\/tr>\n<tr>\n<td>\n<ul>\n<li><span class=\"info_campo_ficha_ruta\">Prism\u00e1ticos.<\/span><\/li>\n<\/ul>\n<\/td>\n<\/tr>\n<tr>\n<td><\/td>\n<\/tr>\n<tr>\n<td valign=\"bottom\"><img loading=\"lazy\" src=\"\/imagenes\/titulo_habitat.jpg\" alt=\"\" width=\"80\" height=\"24\" \/><\/td>\n<\/tr>\n<tr>\n<td>\n<ul>\n<li><span class=\"info_campo_ficha_ruta\">Monte mediterr\u00e1neo<\/span><\/li>\n<\/ul>\n<ul>\n<li><span class=\"info_campo_ficha_ruta\">Olivares<\/span><\/li>\n<\/ul>\n<\/td>\n<\/tr>\n<tr>\n<td><\/td>\n<\/tr>\n<tr>\n<td valign=\"bottom\"><img loading=\"lazy\" src=\"\/imagenes\/titulo_especiesestrella.jpg\" alt=\"\" width=\"156\" height=\"24\" \/><\/td>\n<\/tr>\n<tr>\n<td>\n<ul>\n<li><span class=\"info_campo_ficha_ruta\"><a title=\"Curruca rabilarga\" href=\"http:\/\/avesdesierramorena.sierramorena.com\/?page_id=1284\">Curruca rabilarga<\/a><\/span><\/li>\n<\/ul>\n<ul>\n<li><span class=\"info_campo_ficha_ruta\"><a title=\"Curruca carrasque\u00f1a\" href=\"http:\/\/avesdesierramorena.sierramorena.com\/?page_id=1292\">Curruca carrasque\u00f1a<\/a><\/span><\/li>\n<\/ul>\n<ul>\n<li><span class=\"info_campo_ficha_ruta\"><a title=\"Curruca mirlona\" href=\"http:\/\/avesdesierramorena.sierramorena.com\/?page_id=1300\">Curruca mirlona<\/a><\/span><\/li>\n<\/ul>\n<ul>\n<li><span class=\"info_campo_ficha_ruta\"><a title=\"Picogordo\" href=\"http:\/\/avesdesierramorena.sierramorena.com\/?page_id=1448\">Picogordo<\/a><\/span><\/li>\n<\/ul>\n<\/td>\n<\/tr>\n<tr>\n<td><\/td>\n<\/tr>\n<tr>\n<td valign=\"bottom\"><img loading=\"lazy\" src=\"\/imagenes\/titulo_epocarecomendada.jpg\" alt=\"\" width=\"182\" height=\"24\" \/><\/td>\n<\/tr>\n<tr>\n<td>\n<ul>\n<li><span class=\"info_campo_ficha_ruta\">Primavera temprana e invierno<br \/>\n(diciembre-abril).<\/span><\/li>\n<\/ul>\n<\/td>\n<\/tr>\n<tr>\n<td><\/td>\n<\/tr>\n<tr>\n<td valign=\"bottom\"><img loading=\"lazy\" src=\"\/imagenes\/titulo_horario.jpg\" alt=\"\" width=\"89\" height=\"24\" \/><\/td>\n<\/tr>\n<tr>\n<td>\n<ul>\n<li><span class=\"info_campo_ficha_ruta\">Es mejor comenzar por la ma\u00f1ana temprano.<\/span><\/li>\n<\/ul>\n<\/td>\n<\/tr>\n<tr>\n<td><\/td>\n<\/tr>\n<\/tbody>\n<\/table>\n<\/td>\n<td width=\"384\" valign=\"top\">\n<table border=\"0\" cellspacing=\"0\" cellpadding=\"0\" width=\"377\" align=\"center\">\n<tbody>\n<tr>\n<td height=\"40\" valign=\"bottom\"><img loading=\"lazy\" src=\"\/imagenes\/titulo_descripcion.jpg\" alt=\"\" width=\"184\" height=\"24\" \/><\/td>\n<\/tr>\n<tr>\n<td style=\"text-align: justify;\" bgcolor=\"#cccccc\">Alcornocosas es una de las m\u00e1s interesantes fincas p\u00fablicas de Sierra Morena Cordobesa. En sus terrenos, quebrados y surcados por varios arroyos, el monte mediterr\u00e1neo se halla en excelente estado de conservaci\u00f3n, habiendo servido incluso de escenario cinematogr\u00e1fico. El picogordo y las currucas rabilarga, carrasque\u00f1a y mirlona son algunos de los p\u00e1jaros m\u00e1s interesantes, junto a escribanos sote\u00f1os, zarceros comunes, cogujadas montesinas o perdices rojas. Una variada vegetaci\u00f3n, as\u00ed como la abundancia de ciervos, terminan de convertirla en una ruta muy entretenida.<\/td>\n<\/tr>\n<tr>\n<td style=\"text-align: right;\">&nbsp;<\/p>\n<p><em><strong>Texto e im\u00e1genes: Rafael Romero Porrino<\/strong><\/em><\/td>\n<\/tr>\n<tr>\n<td>\n<hr \/>\n<\/td>\n<\/tr>\n<tr>\n<td><\/td>\n<\/tr>\n<tr>\n<td>\n<table border=\"0\" cellspacing=\"0\" cellpadding=\"0\" width=\"100%\" align=\"center\">\n<tbody>\n<tr>\n<td width=\"8%\"><img loading=\"lazy\" src=\"\/imagenes\/icono_descargar.jpg\" alt=\"\" width=\"16\" height=\"22\" \/><\/td>\n<td width=\"92%\">\n<h4><a href=\"http:\/\/www.laserrania.org\/?p=2543\" target=\"_blank\">Descripci\u00f3n detallada de la ruta CO-10<\/a><\/h4>\n<\/td>\n<\/tr>\n<\/tbody>\n<\/table>\n<\/td>\n<\/tr>\n<tr>\n<td><\/td>\n<\/tr>\n<tr>\n<td>\n<table border=\"0\" cellspacing=\"0\" cellpadding=\"0\" width=\"100%\">\n<tbody>\n<tr>\n<td width=\"8%\"><img loading=\"lazy\" src=\"\/imagenes\/icono_track.jpg\" alt=\"\" width=\"20\" height=\"19\" \/><\/td>\n<td width=\"92%\">\n<h4><a href=\"http:\/\/avesdesierramorena.sierramorena.com\/tracks\/co-10_track.rar\">Descargar track para GPS de la ruta CO-10<\/a><\/h4>\n<\/td>\n<\/tr>\n<\/tbody>\n<\/table>\n<\/td>\n<\/tr>\n<tr>\n<td><\/td>\n<\/tr>\n<tr>\n<td>\n<table border=\"0\" cellspacing=\"0\" cellpadding=\"0\" width=\"100%\">\n<tbody>\n<tr>\n<td width=\"8%\"><img loading=\"lazy\" src=\"\/imagenes\/icono_mapa.jpg\" alt=\"\" width=\"20\" height=\"18\" \/><\/td>\n<td width=\"92%\">\n<h4><a class=\"thickbox\" title=\"Un Monte de Pel\u00edcula\" href=\"\/imagenes\/co-10_mapa.jpg\">Ver mapa de la ruta CO-10<\/a><\/h4>\n<\/td>\n<\/tr>\n<\/tbody>\n<\/table>\n<\/td>\n<\/tr>\n<\/tbody>\n<\/table>\n<\/td>\n<\/tr>\n<\/tbody>\n<\/table>\n<\/td>\n<\/tr>\n<tr>\n<td><\/td>\n<\/tr>\n<tr>\n<td>\n<hr \/>\n<\/td>\n<\/tr>\n<\/tbody>\n<\/table>\n","protected":false},"excerpt":{"rendered":"<p>No hay. Prism\u00e1ticos. Monte mediterr\u00e1neo Olivares Curruca rabilarga Curruca carrasque\u00f1a Curruca mirlona Picogordo Primavera temprana e invierno (diciembre-abril). Es mejor comenzar por la ma\u00f1ana temprano. Alcornocosas es una de las m\u00e1s interesantes fincas p\u00fablicas de Sierra Morena Cordobesa. En sus terrenos, quebrados y surcados por varios arroyos, el monte mediterr\u00e1neo se halla en excelente estado [&hellip;]<\/p>\n","protected":false},"author":4,"featured_media":0,"parent":1486,"menu_order":0,"comment_status":"open","ping_status":"open","template":"","meta":{"ngg_post_thumbnail":0},"_links":{"self":[{"href":"http:\/\/avesdesierramorena.sierramorena.com\/index.php?rest_route=\/wp\/v2\/pages\/1549"}],"collection":[{"href":"http:\/\/avesdesierramorena.sierramorena.com\/index.php?rest_route=\/wp\/v2\/pages"}],"about":[{"href":"http:\/\/avesdesierramorena.sierramorena.com\/index.php?rest_route=\/wp\/v2\/types\/page"}],"author":[{"embeddable":true,"href":"http:\/\/avesdesierramorena.sierramorena.com\/index.php?rest_route=\/wp\/v2\/users\/4"}],"replies":[{"embeddable":true,"href":"http:\/\/avesdesierramorena.sierramorena.com\/index.php?rest_route=%2Fwp%2Fv2%2Fcomments&post=1549"}],"version-history":[{"count":9,"href":"http:\/\/avesdesierramorena.sierramorena.com\/index.php?rest_route=\/wp\/v2\/pages\/1549\/revisions"}],"predecessor-version":[{"id":1551,"href":"http:\/\/avesdesierramorena.sierramorena.com\/index.php?rest_route=\/wp\/v2\/pages\/1549\/revisions\/1551"}],"up":[{"embeddable":true,"href":"http:\/\/avesdesierramorena.sierramorena.com\/index.php?rest_route=\/wp\/v2\/pages\/1486"}],"wp:attachment":[{"href":"http:\/\/avesdesierramorena.sierramorena.com\/index.php?rest_route=%2Fwp%2Fv2%2Fmedia&parent=1549"}],"curies":[{"name":"wp","href":"https:\/\/api.w.org\/{rel}","templated":true}]}}