{"id":2077,"date":"2012-10-15T21:36:40","date_gmt":"2012-10-15T21:36:40","guid":{"rendered":"http:\/\/avesdesierramorena.sierramorena.com\/?page_id=2077"},"modified":"2013-02-17T14:22:05","modified_gmt":"2013-02-17T14:22:05","slug":"aguila-imperial-iberica","status":"publish","type":"page","link":"http:\/\/avesdesierramorena.sierramorena.com\/?page_id=2077","title":{"rendered":"\u00c1guila imperial ib\u00e9rica"},"content":{"rendered":"<table class=\"nuevatabla\" border=\"0\" cellspacing=\"0\" cellpadding=\"0\" width=\"900\">\n<tbody>\n<tr>\n<td align=\"left\" valign=\"top\">\n<table border=\"0\" cellspacing=\"0\" cellpadding=\"0\" width=\"900\">\n<tbody>\n<tr>\n<td width=\"612\">\n<table border=\"0\" cellspacing=\"0\" cellpadding=\"0\" width=\"612\">\n<tbody>\n<tr>\n<td width=\"693\" height=\"600\">\n<table border=\"0\" cellspacing=\"0\" cellpadding=\"0\" width=\"612\">\n<tbody>\n<tr>\n<td height=\"32\" align=\"left\" valign=\"middle\">\n<table border=\"0\" cellspacing=\"0\" cellpadding=\"0\" width=\"612\">\n<tbody>\n<tr>\n<td class=\"nuevatabla\" width=\"370\" height=\"32\" align=\"left\"><span class=\"nombre_latin\">Aquila adalberti<\/span><\/td>\n<td width=\"123\" align=\"left\" valign=\"top\"><a href=\"http:\/\/www.goear.com\/listen\/ddec32b\/aguila-imperial-iberica-ave\" target=\"_blank\"><img loading=\"lazy\" src=\"http:\/\/avesdesierramorena.sierramorena.com\/wp-content\/uploads\/2012\/05\/boton_escuchalos.gif\" alt=\"esc\u00fachalo!\" width=\"115\" height=\"32\" \/><\/a><\/td>\n<td width=\"119\" align=\"left\" valign=\"top\"><a href=\"http:\/\/avesdesierramorena.sierramorena.com\/wp-content\/uploads\/2012\/10\/aguila_imperial_iberica.pdf\" target=\"_blank\"><img loading=\"lazy\" src=\"http:\/\/avesdesierramorena.sierramorena.com\/wp-content\/uploads\/2012\/05\/bot_descargar_pdf.jpg\" alt=\"descargar ficha en PDF\" width=\"119\" height=\"32\" \/><\/a><\/td>\n<\/tr>\n<\/tbody>\n<\/table>\n<\/td>\n<\/tr>\n<tr>\n<td class=\"alineado_centrado\" height=\"650\"><img loading=\"lazy\" class=\"alignnone size-full wp-image-796\" title=\"aguila imperial iberica\" src=\"http:\/\/avesdesierramorena.sierramorena.com\/wp-content\/uploads\/2012\/09\/aguila-imperial-iberica.jpg\" alt=\"\" width=\"612\" height=\"484\" srcset=\"http:\/\/avesdesierramorena.sierramorena.com\/wp-content\/uploads\/2012\/09\/aguila-imperial-iberica.jpg 612w, http:\/\/avesdesierramorena.sierramorena.com\/wp-content\/uploads\/2012\/09\/aguila-imperial-iberica-300x237.jpg 300w, http:\/\/avesdesierramorena.sierramorena.com\/wp-content\/uploads\/2012\/09\/aguila-imperial-iberica-200x158.jpg 200w\" sizes=\"(max-width: 612px) 100vw, 612px\" \/><\/td>\n<\/tr>\n<tr>\n<td height=\"15\" align=\"left\" valign=\"top\"><\/td>\n<\/tr>\n<tr>\n<td height=\"38\" align=\"left\" valign=\"top\">\n<table border=\"0\" cellspacing=\"0\" cellpadding=\"0\" width=\"612\">\n<tbody>\n<tr>\n<td class=\"meses_fondo_azul\" width=\"38\" height=\"38\">ENE<\/td>\n<td width=\"14\"><\/td>\n<td class=\"meses_fondo_azul\" width=\"38\">FEB<\/td>\n<td width=\"14\"><\/td>\n<td class=\"meses_fondo_azul\" width=\"38\">MAR<\/td>\n<td width=\"14\"><\/td>\n<td class=\"meses_fondo_azul\" width=\"38\">ABR<\/td>\n<td width=\"14\"><\/td>\n<td class=\"meses_fondo_azul\" width=\"38\">MAY<\/td>\n<td width=\"14\"><\/td>\n<td class=\"meses_fondo_azul\" width=\"38\">JUN<\/td>\n<td width=\"14\"><\/td>\n<td class=\"meses_fondo_azul\" width=\"38\">JUL<\/td>\n<td width=\"14\"><\/td>\n<td class=\"meses_fondo_azul\" width=\"38\">AGO<\/td>\n<td width=\"14\"><\/td>\n<td class=\"meses_fondo_azul\" width=\"38\">SEP<\/td>\n<td width=\"14\"><\/td>\n<td class=\"meses_fondo_azul\" width=\"38\">OCT<\/td>\n<td width=\"14\"><\/td>\n<td class=\"meses_fondo_azul\" width=\"38\">NOV<\/td>\n<td width=\"14\"><\/td>\n<td class=\"meses_fondo_azul\" width=\"38\">DIC<\/td>\n<\/tr>\n<\/tbody>\n<\/table>\n<\/td>\n<\/tr>\n<\/tbody>\n<\/table>\n<\/td>\n<\/tr>\n<tr>\n<td height=\"38\"><\/td>\n<\/tr>\n<tr>\n<td height=\"166\" align=\"left\" valign=\"top\"><img loading=\"lazy\" class=\"alignnone size-full wp-image-757\" title=\"25_75_50_100\" src=\"http:\/\/avesdesierramorena.sierramorena.com\/wp-content\/uploads\/2012\/09\/25_75_50_100.gif\" alt=\"\" width=\"612\" height=\"167\" srcset=\"http:\/\/avesdesierramorena.sierramorena.com\/wp-content\/uploads\/2012\/09\/25_75_50_100.gif 612w, http:\/\/avesdesierramorena.sierramorena.com\/wp-content\/uploads\/2012\/09\/25_75_50_100-300x81.gif 300w, http:\/\/avesdesierramorena.sierramorena.com\/wp-content\/uploads\/2012\/09\/25_75_50_100-200x54.gif 200w\" sizes=\"(max-width: 612px) 100vw, 612px\" \/><\/td>\n<\/tr>\n<\/tbody>\n<\/table>\n<\/td>\n<td width=\"38\"><\/td>\n<td class=\"alineado_inf\" width=\"250\" align=\"left\">\n<table border=\"0\" cellspacing=\"0\" cellpadding=\"0\" width=\"250\">\n<tbody>\n<tr>\n<td height=\"30\"><span class=\"titular_ficha\">CATEGOR\u00cdA DE AMENAZA<\/span><\/td>\n<\/tr>\n<tr>\n<td>\n<table class=\"tabladatos\" border=\"0\" cellspacing=\"0\" cellpadding=\"0\" width=\"250\">\n<tbody>\n<tr>\n<td class=\"fondo_cabecera_tabla\" width=\"60\" height=\"20\"><span class=\"texto_cabecera_tabla\">CNEA<\/span><\/td>\n<td class=\"fondo_cabecera_tabla\" width=\"60\"><span class=\"texto_cabecera_tabla\">CAEA<\/span><\/td>\n<td class=\"fondo_cabecera_tabla\" width=\"60\"><span class=\"texto_cabecera_tabla\">LRAE<\/span><\/td>\n<td class=\"fondo_cabecera_tabla\" width=\"60\"><span class=\"texto_cabecera_tabla\">LRVA<\/span><\/td>\n<\/tr>\n<tr>\n<td class=\"tabladatos\" height=\"20\"><span class=\"texto_contenido_tabla\">EN<\/span><\/td>\n<td class=\"tabladatos\"><span class=\"texto_contenido_tabla\">EN<\/span><\/td>\n<td class=\"tabladatos\"><span class=\"texto_contenido_tabla\">EN<\/span><\/td>\n<td class=\"tabladatos\"><span class=\"texto_contenido_tabla\">CR<\/span><\/td>\n<\/tr>\n<\/tbody>\n<\/table>\n<\/td>\n<\/tr>\n<tr>\n<td height=\"38\"><\/td>\n<\/tr>\n<tr>\n<td height=\"30\"><span class=\"titular_ficha\">\u00bfD\u00d3NDE VERLO?<\/span><\/td>\n<\/tr>\n<tr>\n<td>\n<table class=\"sinborde\" border=\"0\" cellspacing=\"0\" cellpadding=\"0\" width=\"250\">\n<tbody>\n<tr>\n<td class=\"fondo_cabecera_tabla\" width=\"60\" height=\"23\"><span class=\"texto_cabecera_tabla\">HUELVA<\/span><\/td>\n<td class=\"fondo_cabecera_tabla\" width=\"60\"><span class=\"texto_cabecera_tabla\">SEVILLA<\/span><\/td>\n<td class=\"fondo_cabecera_tabla\" width=\"60\"><span class=\"texto_cabecera_tabla\">C\u00d3RDOBA<\/span><\/td>\n<td class=\"fondo_cabecera_tabla\" width=\"60\"><span class=\"texto_cabecera_tabla\">JA\u00c9N<\/span><\/td>\n<\/tr>\n<tr>\n<td class=\"tabladatos\" height=\"20\"><span class=\"texto_contenido_tabla\">H-1<\/span><\/td>\n<td class=\"tabladatos\"><span class=\"texto_contenido_tabla\"><a href=\"http:\/\/avesdesierramorena.sierramorena.com\/?page_id=1479\">SE-1<\/a><\/span><\/td>\n<td class=\"tabladatos\"><span class=\"texto_contenido_tabla\"><a href=\"http:\/\/avesdesierramorena.sierramorena.com\/?page_id=1529\">CO-1<\/a><\/span><\/td>\n<td class=\"tabladatos\"><span class=\"texto_contenido_tabla\">J-1<\/span><\/td>\n<\/tr>\n<tr>\n<td class=\"tabladatos\" height=\"20\"><span class=\"texto_contenido_tabla\">H-2<\/span><\/td>\n<td class=\"tabladatos\"><span class=\"texto_contenido_tabla\"><a href=\"http:\/\/avesdesierramorena.sierramorena.com\/?page_id=1495\">SE-2<\/a><\/span><\/td>\n<td class=\"tabladatos\"><span class=\"texto_contenido_tabla\">CO-2<\/span><\/td>\n<td class=\"tabladatos\"><span class=\"texto_contenido_tabla\"><a href=\"http:\/\/avesdesierramorena.sierramorena.com\/?page_id=462\">J-2<\/a><\/span><\/td>\n<\/tr>\n<tr>\n<td class=\"tabladatos\" height=\"20\"><span class=\"texto_contenido_tabla\">H-3<\/span><\/td>\n<td class=\"tabladatos\"><span class=\"texto_contenido_tabla\"><a href=\"http:\/\/avesdesierramorena.sierramorena.com\/?page_id=1497\">SE-3<\/a><\/span><\/td>\n<td class=\"tabladatos\"><span class=\"texto_contenido_tabla\">CO-3<\/span><\/td>\n<td class=\"tabladatos\"><span class=\"texto_contenido_tabla\">J-3<\/span><\/td>\n<\/tr>\n<tr>\n<td class=\"tabladatos\" height=\"20\"><span class=\"texto_contenido_tabla\">H-4<\/span><\/td>\n<td class=\"tabladatos\"><span class=\"texto_contenido_tabla\">SE-4<\/span><\/td>\n<td class=\"tabladatos\"><span class=\"texto_contenido_tabla\">CO-4<\/span><\/td>\n<td class=\"tabladatos\"><span class=\"texto_contenido_tabla\">J-4<\/span><\/td>\n<\/tr>\n<tr>\n<td class=\"tabladatos\" height=\"20\"><span class=\"texto_contenido_tabla\">H-5<\/span><\/td>\n<td class=\"tabladatos\"><span class=\"texto_contenido_tabla\">SE-5<\/span><\/td>\n<td class=\"tabladatos\"><span class=\"texto_contenido_tabla\">CO-5<\/span><\/td>\n<td class=\"tabladatos\"><span class=\"texto_contenido_tabla\"><a href=\"http:\/\/avesdesierramorena.sierramorena.com\/?page_id=479\">J-5<\/a><\/span><\/td>\n<\/tr>\n<tr>\n<td class=\"tabladatos\" height=\"20\"><span class=\"texto_contenido_tabla\">H-6<\/span><\/td>\n<td class=\"tabladatos\"><span class=\"texto_contenido_tabla\">SE-6<\/span><\/td>\n<td class=\"tabladatos\"><span class=\"texto_contenido_tabla\">CO-6<\/span><\/td>\n<td class=\"tabladatos\"><span class=\"texto_contenido_tabla\"><a href=\"http:\/\/avesdesierramorena.sierramorena.com\/?page_id=482\">J-6<\/a><\/span><\/td>\n<\/tr>\n<tr>\n<td class=\"tabladatos\" height=\"20\"><span class=\"texto_contenido_tabla\">H-7<\/span><\/td>\n<td class=\"tabladatos\"><span class=\"texto_contenido_tabla\">SE-7<\/span><\/td>\n<td class=\"tabladatos\"><span class=\"texto_contenido_tabla\"><a href=\"http:\/\/avesdesierramorena.sierramorena.com\/?page_id=1543\">CO-7<\/a><\/span><\/td>\n<td class=\"tabladatos\"><span class=\"texto_contenido_tabla\">J-7<\/span><\/td>\n<\/tr>\n<tr>\n<td class=\"tabladatos\" height=\"20\"><span class=\"texto_contenido_tabla\">H-8<\/span><\/td>\n<td class=\"tabladatos\"><span class=\"texto_contenido_tabla\">SE-8<\/span><\/td>\n<td class=\"tabladatos\"><span class=\"texto_contenido_tabla\">CO-8<\/span><\/td>\n<td class=\"tabladatos\"><span class=\"texto_contenido_tabla\">J-8<\/span><\/td>\n<\/tr>\n<tr>\n<td class=\"tabladatos\" height=\"20\"><span class=\"texto_contenido_tabla\">H-9<\/span><\/td>\n<td class=\"tabladatos\"><span class=\"texto_contenido_tabla\">SE-9<\/span><\/td>\n<td class=\"tabladatos\"><span class=\"texto_contenido_tabla\">CO-9<\/span><\/td>\n<td class=\"tabladatos\"><span class=\"texto_contenido_tabla\">J-9<\/span><\/td>\n<\/tr>\n<tr>\n<td class=\"tabladatos\" height=\"20\"><span class=\"texto_contenido_tabla\">H-10<\/span><\/td>\n<td class=\"tabladatos\"><span class=\"texto_contenido_tabla\"><a href=\"http:\/\/avesdesierramorena.sierramorena.com\/?page_id=1515\">SE-10<\/a><\/span><\/td>\n<td class=\"tabladatos\"><span class=\"texto_contenido_tabla\">CO-10<\/span><\/td>\n<td class=\"tabladatos\"><span class=\"texto_contenido_tabla\">J-10<\/span><\/td>\n<\/tr>\n<tr>\n<td class=\"tabladatos\" height=\"20\"><span class=\"texto_contenido_tabla\">H-11<\/span><\/td>\n<td class=\"tabladatos\"><span class=\"texto_contenido_tabla\">SE-11<\/span><\/td>\n<td class=\"tabladatos\"><span class=\"texto_contenido_tabla\">CO-11<\/span><\/td>\n<td class=\"tabladatos\"><span class=\"texto_contenido_tabla\"><a href=\"http:\/\/avesdesierramorena.sierramorena.com\/?page_id=498\">J-11<\/a><\/span><\/td>\n<\/tr>\n<tr>\n<td class=\"tabladatos\" height=\"20\"><span class=\"texto_contenido_tabla\">H-12<\/span><\/td>\n<td class=\"tabladatos\"><span class=\"texto_contenido_tabla\"><a href=\"http:\/\/avesdesierramorena.sierramorena.com\/?page_id=1519\">SE-12<\/a><\/span><\/td>\n<td class=\"tabladatos\"><span class=\"texto_contenido_tabla\">CO-12<\/span><\/td>\n<td class=\"tabladatos\"><span class=\"texto_contenido_tabla\">J-12<\/span><\/td>\n<\/tr>\n<tr>\n<td class=\"tabladatos\" height=\"20\"><span class=\"texto_contenido_tabla\">H-13<\/span><\/td>\n<td class=\"tabladatos\"><span class=\"texto_contenido_tabla\">SE-13<\/span><\/td>\n<td class=\"tabladatos\"><span class=\"texto_contenido_tabla\">CO-13<\/span><\/td>\n<td class=\"tabladatos\"><span class=\"texto_contenido_tabla\">J-13<\/span><\/td>\n<\/tr>\n<tr>\n<td class=\"tabladatos\" height=\"20\"><span class=\"texto_contenido_tabla\">H-14<\/span><\/td>\n<td class=\"tabladatos\"><span class=\"texto_contenido_tabla\">SE-14<\/span><\/td>\n<td class=\"tabladatos\"><span class=\"texto_contenido_tabla\">CO-14<\/span><\/td>\n<td class=\"tabladatos\"><span class=\"texto_contenido_tabla\">J-14<\/span><\/td>\n<\/tr>\n<tr>\n<td class=\"tabladatos\" height=\"20\"><span class=\"texto_contenido_tabla\">H-15<\/span><\/td>\n<td class=\"tabladatos\"><span class=\"texto_contenido_tabla\">SE-15<\/span><\/td>\n<td class=\"tabladatos\"><span class=\"texto_contenido_tabla\">CO-15<\/span><\/td>\n<td class=\"tabladatos\"><span class=\"texto_contenido_tabla\">J-15<\/span><\/td>\n<\/tr>\n<tr>\n<td class=\"tabladatos\" height=\"20\"><span class=\"texto_contenido_tabla\">H-16<\/span><\/td>\n<td><\/td>\n<td><\/td>\n<td><\/td>\n<\/tr>\n<tr>\n<td class=\"tabladatos\" height=\"20\"><span class=\"texto_contenido_tabla\">H-17<\/span><\/td>\n<td><\/td>\n<td><\/td>\n<td><\/td>\n<\/tr>\n<\/tbody>\n<\/table>\n<\/td>\n<\/tr>\n<tr>\n<td height=\"38\"><\/td>\n<\/tr>\n<tr>\n<td class=\"alineado_inf\" height=\"198\"><span class=\"titular_ficha\">ESTATUS<\/span><br \/>\n<span class=\"texto_ficha\">Sedentaria, con aves divagantes<\/span>.&nbsp;<\/p>\n<p><span class=\"titular_ficha\">POBLACI\u00d3N<\/span><br \/>\n<span class=\"texto_ficha\">Sierra Morena acoge la mayor parte de la poblaci\u00f3n andaluza (m\u00e1s de 50 pp.). Tambi\u00e9n hay un n\u00famero indeterminado y variable de ejemplares inmaduros no reproductores.<\/span><\/p>\n<p><span class=\"titular_ficha\">H\u00c1BITAT<\/span><br \/>\n<span class=\"texto_ficha\">Es una especie asociada al monte mediterr\u00e1neo, que precisa de zonas con arbolado poco denso y ricas en presas (conejo, sobre todo). En las etapas preadultas, el \u00e1guila imperial se comporta m\u00e1s bien como una especie esteparia, mostrando querencia por pastizales, pseudoestepas, campi\u00f1as y otras zonas deforestadas.<\/span><\/td>\n<\/tr>\n<\/tbody>\n<\/table>\n<\/td>\n<\/tr>\n<\/tbody>\n<\/table>\n<\/td>\n<\/tr>\n<tr>\n<td height=\"20\"><\/td>\n<\/tr>\n<tr>\n<td align=\"left\" valign=\"top\"><span class=\"titular_ficha\">FENOLOG\u00cdA<br \/>\n<\/span>Todo el a\u00f1o. A partir de septiembre llegan ejemplares j\u00f3venes procedentes de otras \u00e1reas, que permanecen por per\u00edodos irregulares en nuestro territorio.&nbsp;<\/p>\n<p><span class=\"titular_ficha\">DISTRIBUCI\u00d3N<br \/>\n<\/span>Se distribuye de modo dispar por nuestra \u00e1rea de estudio y su entorno inmediato. En Sierra de Aracena y Picos de Aroche no cr\u00eda y son raros los ejemplares divagantes, siendo Sierra Pelada una de las pocas zonas donde \u00e9stos se avistan de modo regular. Sierra Morena Sevillana es probablemente el \u00e1rea con mayor potencial para la especie, pues acoge una poblaci\u00f3n de unas 15 pp. reproductoras que crece casi anualmente; adem\u00e1s, cuenta con una important\u00edsima \u00e1rea de dispersi\u00f3n de aves inmaduras (estepas y llanos de Guadalcanal). En Sierra Morena Cordobesa hay 12 pp., la mayor\u00eda en los parques naturales Sierra de Carde\u00f1a y Montoro y Sierra de Hornachuelos y sus respectivos entornos. Sierra Morena de Ja\u00e9n alberga la principal fracci\u00f3n poblacional, con unas 25 pp. bastante repartidas, presentando \u00e1reas de elevada densidad como el valle del J\u00e1ndula.<\/p>\n<p><span class=\"titular_ficha\">COMENTARIOS<br \/>\n<\/span>Esta emblem\u00e1tica especie es una de las mejor estudiadas en Sierra Morena. Son muchas las actuaciones de conservaci\u00f3n que la Consejer\u00eda de Medio Ambiente ejecuta en la actualidad, y que van desde censos y seguimiento de parejas, a la alimentaci\u00f3n suplementaria, la reconstrucci\u00f3n de nidos deteriorados o el rescate y salvamento de pollos, pasando por los importantes convenios que se firman con propietarios de fincas para favorecer las poblaciones de conejo y manejar el h\u00e1bitat, beneficiando de paso a otras muchas especies del monte mediterr\u00e1neo (lince ib\u00e9rico, otras rapaces, etc.).<\/p>\n<p><span class=\"titular_ficha\">AMENAZAS<br \/>\n<\/span>A pesar de su catalogaci\u00f3n, actualmente corren buenos tiempos para la especie en Andaluc\u00eda, pues la poblaci\u00f3n est\u00e1 en constante aumento. No obstante, a\u00fan se ciernen sobre ella amenazas como electrocuci\u00f3n en tendidos el\u00e9ctricos, el uso ilegal de venenos y la ca\u00edda de nidos situados en \u00e1rboles poco estables (sobre todo, eucaliptos).<\/p>\n<p>&nbsp;<\/td>\n<\/tr>\n<\/tbody>\n<\/table>\n","protected":false},"excerpt":{"rendered":"<p>Aquila adalberti ENE FEB MAR ABR MAY JUN JUL AGO SEP OCT NOV DIC CATEGOR\u00cdA DE AMENAZA CNEA CAEA LRAE LRVA EN EN EN CR \u00bfD\u00d3NDE VERLO? HUELVA SEVILLA C\u00d3RDOBA JA\u00c9N H-1 SE-1 CO-1 J-1 H-2 SE-2 CO-2 J-2 H-3 SE-3 CO-3 J-3 H-4 SE-4 CO-4 J-4 H-5 SE-5 CO-5 J-5 H-6 SE-6 CO-6 J-6 [&hellip;]<\/p>\n","protected":false},"author":4,"featured_media":0,"parent":2519,"menu_order":0,"comment_status":"open","ping_status":"open","template":"","meta":{"ngg_post_thumbnail":0},"_links":{"self":[{"href":"http:\/\/avesdesierramorena.sierramorena.com\/index.php?rest_route=\/wp\/v2\/pages\/2077"}],"collection":[{"href":"http:\/\/avesdesierramorena.sierramorena.com\/index.php?rest_route=\/wp\/v2\/pages"}],"about":[{"href":"http:\/\/avesdesierramorena.sierramorena.com\/index.php?rest_route=\/wp\/v2\/types\/page"}],"author":[{"embeddable":true,"href":"http:\/\/avesdesierramorena.sierramorena.com\/index.php?rest_route=\/wp\/v2\/users\/4"}],"replies":[{"embeddable":true,"href":"http:\/\/avesdesierramorena.sierramorena.com\/index.php?rest_route=%2Fwp%2Fv2%2Fcomments&post=2077"}],"version-history":[{"count":7,"href":"http:\/\/avesdesierramorena.sierramorena.com\/index.php?rest_route=\/wp\/v2\/pages\/2077\/revisions"}],"predecessor-version":[{"id":2967,"href":"http:\/\/avesdesierramorena.sierramorena.com\/index.php?rest_route=\/wp\/v2\/pages\/2077\/revisions\/2967"}],"up":[{"embeddable":true,"href":"http:\/\/avesdesierramorena.sierramorena.com\/index.php?rest_route=\/wp\/v2\/pages\/2519"}],"wp:attachment":[{"href":"http:\/\/avesdesierramorena.sierramorena.com\/index.php?rest_route=%2Fwp%2Fv2%2Fmedia&parent=2077"}],"curies":[{"name":"wp","href":"https:\/\/api.w.org\/{rel}","templated":true}]}}