
{"id":444,"date":"2011-11-16T18:39:37","date_gmt":"2011-11-16T18:39:37","guid":{"rendered":"http:\/\/avesdesierramorena.sierramorena.com\/?page_id=444"},"modified":"2013-04-18T06:52:23","modified_gmt":"2013-04-18T06:52:23","slug":"h-9-pajaros-de-la-frontera","status":"publish","type":"page","link":"http:\/\/avesdesierramorena.sierramorena.com\/?page_id=444","title":{"rendered":"H-9. P\u00e1jaros de la Frontera"},"content":{"rendered":"<table border=\"0\" cellspacing=\"0\" cellpadding=\"0\" width=\"580\">\n<tbody>\n<tr>\n<td class=\"tabla_ficha_ruta_arriba\"><\/td>\n<\/tr>\n<tr>\n<td><img src=\"\/imagenes\/h-9_ficha.jpg\" alt=\"\" \/><\/td>\n<\/tr>\n<tr>\n<td>\n<hr \/>\n<\/td>\n<\/tr>\n<tr>\n<td>\n<table border=\"0\" cellspacing=\"0\" cellpadding=\"0\" width=\"580\">\n<tbody>\n<tr>\n<td><\/td>\n<\/tr>\n<tr>\n<td width=\"196\" valign=\"top\">\n<table class=\"tabla_ficha_ruta\" border=\"0\" cellspacing=\"0\" cellpadding=\"0\" width=\"190\">\n<tbody>\n<tr>\n<td valign=\"bottom\" background=\"\/imagenes\/pixel_gris.jpg\"><img loading=\"lazy\" src=\"\/imagenes\/titulo_senalizacion.jpg\" alt=\"\" width=\"123\" height=\"24\" \/><\/td>\n<\/tr>\n<tr>\n<td>\n<ul>\n<li><span class=\"info_campo_ficha_ruta\">Parcialmente se\u00f1alizado (marcas poco visibles en algunos tramos)<\/span><\/li>\n<\/ul>\n<\/td>\n<\/tr>\n<tr>\n<td><\/td>\n<\/tr>\n<tr>\n<td valign=\"bottom\"><img loading=\"lazy\" src=\"\/imagenes\/titulo_material.jpg\" alt=\"\" width=\"90\" height=\"24\" \/><\/td>\n<\/tr>\n<tr>\n<td>\n<ul>\n<li><span class=\"info_campo_ficha_ruta\">Prism\u00e1ticos<\/span><\/li>\n<\/ul>\n<\/td>\n<\/tr>\n<tr>\n<td><\/td>\n<\/tr>\n<tr>\n<td valign=\"bottom\"><img loading=\"lazy\" src=\"\/imagenes\/titulo_habitat.jpg\" alt=\"\" width=\"80\" height=\"24\" \/><\/td>\n<\/tr>\n<tr>\n<td>\n<ul>\n<li><span class=\"info_campo_ficha_ruta\">Riberas arboladas y arbustivas<\/span><\/li>\n<\/ul>\n<ul>\n<li><span class=\"info_campo_ficha_ruta\">Dehesas de encina y alcornoque<\/span><\/li>\n<\/ul>\n<\/td>\n<\/tr>\n<tr>\n<td><\/td>\n<\/tr>\n<tr>\n<td valign=\"bottom\"><img loading=\"lazy\" src=\"\/imagenes\/titulo_especiesestrella.jpg\" alt=\"\" width=\"156\" height=\"24\" \/><\/td>\n<\/tr>\n<tr>\n<td>\n<ul>\n<li><span class=\"info_campo_ficha_ruta\"><a title=\"Alzacola rojizo\" href=\"http:\/\/avesdesierramorena.sierramorena.com\/?page_id=1145\"> Alzacola rojizo<\/a><\/span><\/li>\n<\/ul>\n<ul>\n<li><span class=\"info_campo_ficha_ruta\"><a title=\"Zarcero p\u00e1lido occidental o bereber\" href=\"http:\/\/avesdesierramorena.sierramorena.com\/?page_id=1278\"> Zarcero p\u00e1lido occidental<\/a><\/span><\/li>\n<\/ul>\n<ul>\n<li><span class=\"info_campo_ficha_ruta\"><a title=\"Cig\u00fce\u00f1a blanca\" href=\"http:\/\/avesdesierramorena.sierramorena.com\/?page_id=1247\"> Cig\u00fce\u00f1a blanca (colonia)<\/a><\/span><\/li>\n<\/ul>\n<ul>\n<li><span class=\"info_campo_ficha_ruta\"><a title=\"\u00c1guila calzada\" href=\"http:\/\/avesdesierramorena.sierramorena.com\/?page_id=2091\"> \u00c1guila calzada<\/a><\/span><\/li>\n<\/ul>\n<ul>\n<li><span class=\"info_campo_ficha_ruta\"><a title=\"Buitre negro\" href=\"http:\/\/avesdesierramorena.sierramorena.com\/?page_id=1301\"> Buitre negro<\/a><\/span><\/li>\n<\/ul>\n<\/td>\n<\/tr>\n<tr>\n<td><\/td>\n<\/tr>\n<tr>\n<td valign=\"bottom\"><img loading=\"lazy\" src=\"\/imagenes\/titulo_epocarecomendada.jpg\" alt=\"\" width=\"182\" height=\"24\" \/><\/td>\n<\/tr>\n<tr>\n<td>\n<ul>\n<li><span class=\"info_campo_ficha_ruta\">Primavera tard\u00eda y comienzos de verano<\/span><\/li>\n<\/ul>\n<\/td>\n<\/tr>\n<tr>\n<td><\/td>\n<\/tr>\n<tr>\n<td valign=\"bottom\"><img loading=\"lazy\" src=\"\/imagenes\/titulo_horario.jpg\" alt=\"\" width=\"89\" height=\"24\" \/><\/td>\n<\/tr>\n<tr>\n<td>\n<ul>\n<li><span class=\"info_campo_ficha_ruta\">Primeras horas de la ma\u00f1ana<\/span><\/li>\n<\/ul>\n<\/td>\n<\/tr>\n<tr>\n<td><\/td>\n<\/tr>\n<\/tbody>\n<\/table>\n<\/td>\n<td width=\"384\" valign=\"top\">\n<table border=\"0\" cellspacing=\"0\" cellpadding=\"0\" width=\"377\" align=\"center\">\n<tbody>\n<tr>\n<td height=\"40\" valign=\"bottom\"><img loading=\"lazy\" src=\"\/imagenes\/titulo_descripcion.jpg\" alt=\"\" width=\"184\" height=\"24\" \/><\/td>\n<\/tr>\n<tr>\n<td style=\"text-align: justify;\" bgcolor=\"#cccccc\">Esta ruta nos permitir\u00e1 avistar dos de las aves m\u00e1s escasas de la Sierra: el alzacola y el zarcero p\u00e1lido occidental. En la rivera de Chanza habitan tambi\u00e9n el mart\u00edn pescador, el chorlitejo chico, la cig\u00fce\u00f1a negra o la orop\u00e9ndola, as\u00ed como varias especies de lib\u00e9lulas y mam\u00edferos como el meloncillo o el conejo. Las dehesas del entorno cobijan al alcaud\u00f3n com\u00fan, al pico menor, al torcecuello o al gorri\u00f3n chill\u00f3n, y entre las rapaces es probable avistar al milano negro, al \u00e1guila calzada o al buitre negro. Tambi\u00e9n disfrutaremos de una bonita colonia de cig\u00fce\u00f1a blanca y garza real.<\/td>\n<\/tr>\n<tr>\n<td style=\"text-align: right;\">&nbsp;<\/p>\n<p><em><strong>Texto e im\u00e1genes: Rafael Romero Porrino<\/strong><\/em><\/td>\n<\/tr>\n<tr>\n<td>\n<hr \/>\n<\/td>\n<\/tr>\n<tr>\n<td><\/td>\n<\/tr>\n<tr>\n<td>\n<table border=\"0\" cellspacing=\"0\" cellpadding=\"0\" width=\"100%\" align=\"center\">\n<tbody>\n<tr>\n<td width=\"8%\"><img loading=\"lazy\" src=\"\/imagenes\/icono_descargar.jpg\" alt=\"\" width=\"16\" height=\"22\" \/><\/td>\n<td width=\"92%\">\n<h4><a href=\"http:\/\/www.laserrania.org\/?p=1832\" target=\"_blank\">Descripci\u00f3n detallada de la ruta H-9<\/a><\/h4>\n<\/td>\n<\/tr>\n<\/tbody>\n<\/table>\n<\/td>\n<\/tr>\n<tr>\n<td><\/td>\n<\/tr>\n<tr>\n<td>\n<table border=\"0\" cellspacing=\"0\" cellpadding=\"0\" width=\"100%\">\n<tbody>\n<tr>\n<td width=\"8%\"><img loading=\"lazy\" src=\"\/imagenes\/icono_track.jpg\" alt=\"\" width=\"20\" height=\"19\" \/><\/td>\n<td width=\"92%\">\n<h4>Descargar track para GPS de la ruta H-9<\/h4>\n<h4>(No disponible)<\/h4>\n<\/td>\n<\/tr>\n<\/tbody>\n<\/table>\n<\/td>\n<\/tr>\n<tr>\n<td><\/td>\n<\/tr>\n<tr>\n<td>\n<table border=\"0\" cellspacing=\"0\" cellpadding=\"0\" width=\"100%\">\n<tbody>\n<tr>\n<td width=\"8%\"><img loading=\"lazy\" src=\"\/imagenes\/icono_mapa.jpg\" alt=\"\" width=\"20\" height=\"18\" \/><\/td>\n<td width=\"92%\">\n<h4><a class=\"thickbox\" title=\"P\u00e1jaros de la Frontera\" href=\"\/imagenes\/h-9_mapa.jpg\">Ver mapa de la ruta H-9<\/a><\/h4>\n<\/td>\n<\/tr>\n<\/tbody>\n<\/table>\n<\/td>\n<\/tr>\n<\/tbody>\n<\/table>\n<\/td>\n<\/tr>\n<\/tbody>\n<\/table>\n<\/td>\n<\/tr>\n<tr>\n<td><\/td>\n<\/tr>\n<tr>\n<td>\n<hr \/>\n<\/td>\n<\/tr>\n<\/tbody>\n<\/table>\n","protected":false},"excerpt":{"rendered":"<p>Parcialmente se\u00f1alizado (marcas poco visibles en algunos tramos) Prism\u00e1ticos Riberas arboladas y arbustivas Dehesas de encina y alcornoque Alzacola rojizo Zarcero p\u00e1lido occidental Cig\u00fce\u00f1a blanca (colonia) \u00c1guila calzada Buitre negro Primavera tard\u00eda y comienzos de verano Primeras horas de la ma\u00f1ana Esta ruta nos permitir\u00e1 avistar dos de las aves m\u00e1s escasas de la Sierra: [&hellip;]<\/p>\n","protected":false},"author":4,"featured_media":0,"parent":78,"menu_order":0,"comment_status":"open","ping_status":"open","template":"","meta":{"ngg_post_thumbnail":0},"_links":{"self":[{"href":"http:\/\/avesdesierramorena.sierramorena.com\/index.php?rest_route=\/wp\/v2\/pages\/444"}],"collection":[{"href":"http:\/\/avesdesierramorena.sierramorena.com\/index.php?rest_route=\/wp\/v2\/pages"}],"about":[{"href":"http:\/\/avesdesierramorena.sierramorena.com\/index.php?rest_route=\/wp\/v2\/types\/page"}],"author":[{"embeddable":true,"href":"http:\/\/avesdesierramorena.sierramorena.com\/index.php?rest_route=\/wp\/v2\/users\/4"}],"replies":[{"embeddable":true,"href":"http:\/\/avesdesierramorena.sierramorena.com\/index.php?rest_route=%2Fwp%2Fv2%2Fcomments&post=444"}],"version-history":[{"count":6,"href":"http:\/\/avesdesierramorena.sierramorena.com\/index.php?rest_route=\/wp\/v2\/pages\/444\/revisions"}],"predecessor-version":[{"id":446,"href":"http:\/\/avesdesierramorena.sierramorena.com\/index.php?rest_route=\/wp\/v2\/pages\/444\/revisions\/446"}],"up":[{"embeddable":true,"href":"http:\/\/avesdesierramorena.sierramorena.com\/index.php?rest_route=\/wp\/v2\/pages\/78"}],"wp:attachment":[{"href":"http:\/\/avesdesierramorena.sierramorena.com\/index.php?rest_route=%2Fwp%2Fv2%2Fmedia&parent=444"}],"curies":[{"name":"wp","href":"https:\/\/api.w.org\/{rel}","templated":true}]}}