{"id":453,"date":"2011-11-17T12:01:03","date_gmt":"2011-11-17T12:01:03","guid":{"rendered":"http:\/\/avesdesierramorena.sierramorena.com\/?page_id=453"},"modified":"2013-04-26T09:40:24","modified_gmt":"2013-04-26T09:40:24","slug":"j-1-pajaros-de-las-minas","status":"publish","type":"page","link":"http:\/\/avesdesierramorena.sierramorena.com\/?page_id=453","title":{"rendered":"J-1. P\u00e1jaros de las Minas"},"content":{"rendered":"<table border=\"0\" cellspacing=\"0\" cellpadding=\"0\" width=\"580\">\n<tbody>\n<tr>\n<td class=\"tabla_ficha_ruta_arriba\"><\/td>\n<\/tr>\n<tr>\n<td><img src=\"\/imagenes\/j-1_ficha.jpg\" alt=\"\" \/><\/td>\n<\/tr>\n<tr>\n<td>\n<hr \/>\n<\/td>\n<\/tr>\n<tr>\n<td>\n<table border=\"0\" cellspacing=\"0\" cellpadding=\"0\" width=\"580\">\n<tbody>\n<tr>\n<td><\/td>\n<\/tr>\n<tr>\n<td width=\"196\" valign=\"top\">\n<table class=\"tabla_ficha_ruta\" border=\"0\" cellspacing=\"0\" cellpadding=\"0\" width=\"190\">\n<tbody>\n<tr>\n<td valign=\"bottom\" background=\"\/imagenes\/pixel_gris.jpg\"><img loading=\"lazy\" src=\"\/imagenes\/titulo_senalizacion.jpg\" alt=\"\" width=\"123\" height=\"24\" \/><\/td>\n<\/tr>\n<tr>\n<td>\n<ul>\n<li><span class=\"info_campo_ficha_ruta\">No hay, excepto un \u00e1rea recreativa indicada y equipada.<\/span><\/li>\n<\/ul>\n<\/td>\n<\/tr>\n<tr>\n<td><\/td>\n<\/tr>\n<tr>\n<td valign=\"bottom\"><img loading=\"lazy\" src=\"\/imagenes\/titulo_material.jpg\" alt=\"\" width=\"90\" height=\"24\" \/><\/td>\n<\/tr>\n<tr>\n<td>\n<ul>\n<li><span class=\"info_campo_ficha_ruta\">Prism\u00e1ticos. Telescopio recomendable.<\/span><\/li>\n<\/ul>\n<\/td>\n<\/tr>\n<tr>\n<td><\/td>\n<\/tr>\n<tr>\n<td valign=\"bottom\"><img loading=\"lazy\" src=\"\/imagenes\/titulo_habitat.jpg\" alt=\"\" width=\"80\" height=\"24\" \/><\/td>\n<\/tr>\n<tr>\n<td>\n<ul>\n<li><span class=\"info_campo_ficha_ruta\">Explotaciones mineras abandonadas<\/span><\/li>\n<\/ul>\n<ul>\n<li><span class=\"info_campo_ficha_ruta\">Dehesas<\/span><\/li>\n<\/ul>\n<ul>\n<li><span class=\"info_campo_ficha_ruta\">Monte mediterr\u00e1neo<\/span><\/li>\n<\/ul>\n<ul>\n<li><span class=\"info_campo_ficha_ruta\">Pastos<\/span><\/li>\n<\/ul>\n<\/td>\n<\/tr>\n<tr>\n<td><\/td>\n<\/tr>\n<tr>\n<td valign=\"bottom\"><img loading=\"lazy\" src=\"\/imagenes\/titulo_especiesestrella.jpg\" alt=\"\" width=\"156\" height=\"24\" \/><\/td>\n<\/tr>\n<tr>\n<td>\n<ul>\n<li><span class=\"info_campo_ficha_ruta\"><a title=\"Collalba negra\" href=\"http:\/\/avesdesierramorena.sierramorena.com\/?page_id=1188\">Collalba negra<\/a><\/span><\/li>\n<\/ul>\n<ul>\n<li><span class=\"info_campo_ficha_ruta\"><a title=\"Collalba rubia\" href=\"http:\/\/avesdesierramorena.sierramorena.com\/?page_id=1185\">Collalba rubia<\/a><\/span><\/li>\n<\/ul>\n<ul>\n<li><span class=\"info_campo_ficha_ruta\"><a title=\"Vencejo cafre\" href=\"http:\/\/avesdesierramorena.sierramorena.com\/?page_id=2303\">Vencejo cafre<\/a><\/span><\/li>\n<\/ul>\n<ul>\n<li><span class=\"info_campo_ficha_ruta\"><a title=\"Curruca tomillera\" href=\"http:\/\/avesdesierramorena.sierramorena.com\/?page_id=1287\">Curruca tomillera<\/a><\/span><\/li>\n<\/ul>\n<ul>\n<li><span class=\"info_campo_ficha_ruta\"><a title=\"Chova piquirroja\" href=\"http:\/\/avesdesierramorena.sierramorena.com\/?page_id=1390\">Chova piquirroja <\/a><\/span><\/li>\n<\/ul>\n<ul>\n<li><span class=\"info_campo_ficha_ruta\"><a title=\"Roquero solitario\" href=\"http:\/\/avesdesierramorena.sierramorena.com\/?page_id=1201\">Roquero solitario<\/a><\/span><\/li>\n<\/ul>\n<\/td>\n<\/tr>\n<tr>\n<td><\/td>\n<\/tr>\n<tr>\n<td valign=\"bottom\"><img loading=\"lazy\" src=\"\/imagenes\/titulo_epocarecomendada.jpg\" alt=\"\" width=\"182\" height=\"24\" \/><\/td>\n<\/tr>\n<tr>\n<td>\n<ul>\n<li><span class=\"info_campo_ficha_ruta\">Primavera (abril-mayo), secundariamente el resto del a\u00f1o.<\/span><\/li>\n<\/ul>\n<\/td>\n<\/tr>\n<tr>\n<td><\/td>\n<\/tr>\n<tr>\n<td valign=\"bottom\"><img loading=\"lazy\" src=\"\/imagenes\/titulo_horario.jpg\" alt=\"\" width=\"89\" height=\"24\" \/><\/td>\n<\/tr>\n<tr>\n<td>\n<ul>\n<li><span class=\"info_campo_ficha_ruta\">Especialmente por la tarde.<\/span><\/li>\n<\/ul>\n<\/td>\n<\/tr>\n<tr>\n<td><\/td>\n<\/tr>\n<\/tbody>\n<\/table>\n<\/td>\n<td width=\"384\" valign=\"top\">\n<table border=\"0\" cellspacing=\"0\" cellpadding=\"0\" width=\"377\" align=\"center\">\n<tbody>\n<tr>\n<td height=\"40\" valign=\"bottom\"><img loading=\"lazy\" src=\"\/imagenes\/titulo_descripcion.jpg\" alt=\"\" width=\"184\" height=\"24\" \/><\/td>\n<\/tr>\n<tr>\n<td style=\"text-align: justify;\" bgcolor=\"#cccccc\">Un extenso sector de la Sierra Morena jienense est\u00e1 marcado por la miner\u00eda desde hace milenios. Ello se evidencia en los restos de lo que fueron explotaciones mineras, hoy abandonadas. Este trayecto nos dar\u00e1 la posibilidad de conocer las aves que habitan en ellas: la escasa collalba negra, la collalba rubia, el roquero solitario, el gorri\u00f3n chill\u00f3n, el escribano montesino, el avi\u00f3n roquero, el atractivo vencejo cafre o el colirrojo tiz\u00f3n. Sobresalen asimismo los buenos n\u00fameros de chova piquirroja y la presencia como reproductora de la rara curruca tomillera, as\u00ed como su riqueza en mariposas.<\/td>\n<\/tr>\n<tr>\n<td style=\"text-align: right;\">&nbsp;<\/p>\n<p><em><strong>Texto e im\u00e1genes: Rafael Romero Porrino<\/strong><\/em><\/td>\n<\/tr>\n<tr>\n<td>\n<hr \/>\n<\/td>\n<\/tr>\n<tr>\n<td><\/td>\n<\/tr>\n<tr>\n<td>\n<table border=\"0\" cellspacing=\"0\" cellpadding=\"0\" width=\"100%\" align=\"center\">\n<tbody>\n<tr>\n<td width=\"8%\"><img loading=\"lazy\" src=\"\/imagenes\/icono_descargar.jpg\" alt=\"\" width=\"16\" height=\"22\" \/><\/td>\n<td width=\"92%\">\n<h4><a href=\"http:\/\/www.laserrania.org\/?p=2354\" target=\"_blank\">Descripci\u00f3n detallada de la ruta J-1<\/a><\/h4>\n<\/td>\n<\/tr>\n<\/tbody>\n<\/table>\n<\/td>\n<\/tr>\n<tr>\n<td><\/td>\n<\/tr>\n<tr>\n<td>\n<table border=\"0\" cellspacing=\"0\" cellpadding=\"0\" width=\"100%\">\n<tbody>\n<tr>\n<td width=\"8%\"><img loading=\"lazy\" src=\"\/imagenes\/icono_track.jpg\" alt=\"\" width=\"20\" height=\"19\" \/><\/td>\n<td width=\"92%\">\n<h4><a href=\"http:\/\/avesdesierramorena.sierramorena.com\/tracks\/j-1_track.rar\">Descargar track para GPS de la ruta J-1<\/a><\/h4>\n<\/td>\n<\/tr>\n<\/tbody>\n<\/table>\n<\/td>\n<\/tr>\n<tr>\n<td><\/td>\n<\/tr>\n<tr>\n<td>\n<table border=\"0\" cellspacing=\"0\" cellpadding=\"0\" width=\"100%\">\n<tbody>\n<tr>\n<td width=\"8%\"><img loading=\"lazy\" src=\"\/imagenes\/icono_mapa.jpg\" alt=\"\" width=\"20\" height=\"18\" \/><\/td>\n<td width=\"92%\">\n<h4><a class=\"thickbox\" title=\"P\u00e1jaros de las Minas\" href=\"\/imagenes\/j-1_mapa.jpg\">Ver mapa de la ruta J-1<\/a><\/h4>\n<\/td>\n<\/tr>\n<\/tbody>\n<\/table>\n<\/td>\n<\/tr>\n<\/tbody>\n<\/table>\n<\/td>\n<\/tr>\n<\/tbody>\n<\/table>\n<\/td>\n<\/tr>\n<tr>\n<td><\/td>\n<\/tr>\n<tr>\n<td>\n<hr \/>\n<\/td>\n<\/tr>\n<\/tbody>\n<\/table>\n","protected":false},"excerpt":{"rendered":"<p>No hay, excepto un \u00e1rea recreativa indicada y equipada. Prism\u00e1ticos. Telescopio recomendable. Explotaciones mineras abandonadas Dehesas Monte mediterr\u00e1neo Pastos Collalba negra Collalba rubia Vencejo cafre Curruca tomillera Chova piquirroja Roquero solitario Primavera (abril-mayo), secundariamente el resto del a\u00f1o. Especialmente por la tarde. Un extenso sector de la Sierra Morena jienense est\u00e1 marcado por la miner\u00eda [&hellip;]<\/p>\n","protected":false},"author":4,"featured_media":0,"parent":41,"menu_order":0,"comment_status":"open","ping_status":"open","template":"","meta":{"ngg_post_thumbnail":0},"_links":{"self":[{"href":"http:\/\/avesdesierramorena.sierramorena.com\/index.php?rest_route=\/wp\/v2\/pages\/453"}],"collection":[{"href":"http:\/\/avesdesierramorena.sierramorena.com\/index.php?rest_route=\/wp\/v2\/pages"}],"about":[{"href":"http:\/\/avesdesierramorena.sierramorena.com\/index.php?rest_route=\/wp\/v2\/types\/page"}],"author":[{"embeddable":true,"href":"http:\/\/avesdesierramorena.sierramorena.com\/index.php?rest_route=\/wp\/v2\/users\/4"}],"replies":[{"embeddable":true,"href":"http:\/\/avesdesierramorena.sierramorena.com\/index.php?rest_route=%2Fwp%2Fv2%2Fcomments&post=453"}],"version-history":[{"count":16,"href":"http:\/\/avesdesierramorena.sierramorena.com\/index.php?rest_route=\/wp\/v2\/pages\/453\/revisions"}],"predecessor-version":[{"id":455,"href":"http:\/\/avesdesierramorena.sierramorena.com\/index.php?rest_route=\/wp\/v2\/pages\/453\/revisions\/455"}],"up":[{"embeddable":true,"href":"http:\/\/avesdesierramorena.sierramorena.com\/index.php?rest_route=\/wp\/v2\/pages\/41"}],"wp:attachment":[{"href":"http:\/\/avesdesierramorena.sierramorena.com\/index.php?rest_route=%2Fwp%2Fv2%2Fmedia&parent=453"}],"curies":[{"name":"wp","href":"https:\/\/api.w.org\/{rel}","templated":true}]}}