
{"id":494,"date":"2011-11-17T17:27:39","date_gmt":"2011-11-17T17:27:39","guid":{"rendered":"http:\/\/avesdesierramorena.sierramorena.com\/?page_id=494"},"modified":"2013-04-30T05:38:08","modified_gmt":"2013-04-30T05:38:08","slug":"j-9-en-familia-la-pasada-del-castano","status":"publish","type":"page","link":"http:\/\/avesdesierramorena.sierramorena.com\/?page_id=494","title":{"rendered":"J-9. En Familia: La Pasada del Casta\u00f1o"},"content":{"rendered":"<table border=\"0\" cellspacing=\"0\" cellpadding=\"0\" width=\"580\">\n<tbody>\n<tr>\n<td class=\"tabla_ficha_ruta_arriba\"><\/td>\n<\/tr>\n<tr>\n<td><img src=\"\/imagenes\/j-9_ficha.jpg\" alt=\"\" \/><\/td>\n<\/tr>\n<tr>\n<td>\n<hr \/>\n<\/td>\n<\/tr>\n<tr>\n<td>\n<table border=\"0\" cellspacing=\"0\" cellpadding=\"0\" width=\"580\">\n<tbody>\n<tr>\n<td><\/td>\n<\/tr>\n<tr>\n<td width=\"196\" valign=\"top\">\n<table class=\"tabla_ficha_ruta\" border=\"0\" cellspacing=\"0\" cellpadding=\"0\" width=\"190\">\n<tbody>\n<tr>\n<td valign=\"bottom\" background=\"\/imagenes\/pixel_gris.jpg\"><img loading=\"lazy\" src=\"\/imagenes\/titulo_senalizacion.jpg\" alt=\"\" width=\"123\" height=\"24\" \/><\/td>\n<\/tr>\n<tr>\n<td>\n<ul>\n<li><span class=\"info_campo_ficha_ruta\">No hay.<\/span><\/li>\n<\/ul>\n<\/td>\n<\/tr>\n<tr>\n<td><\/td>\n<\/tr>\n<tr>\n<td valign=\"bottom\"><img loading=\"lazy\" src=\"\/imagenes\/titulo_material.jpg\" alt=\"\" width=\"90\" height=\"24\" \/><\/td>\n<\/tr>\n<tr>\n<td>\n<ul>\n<li><span class=\"info_campo_ficha_ruta\">Prism\u00e1ticos.<\/span><\/li>\n<\/ul>\n<\/td>\n<\/tr>\n<tr>\n<td><\/td>\n<\/tr>\n<tr>\n<td valign=\"bottom\"><img loading=\"lazy\" src=\"\/imagenes\/titulo_habitat.jpg\" alt=\"\" width=\"80\" height=\"24\" \/><\/td>\n<\/tr>\n<tr>\n<td>\n<ul>\n<li><span class=\"info_campo_ficha_ruta\">Ribera arbolada y arbustiva<\/span><\/li>\n<\/ul>\n<ul>\n<li><span class=\"info_campo_ficha_ruta\">Pinar<\/span><\/li>\n<\/ul>\n<ul>\n<li><span class=\"info_campo_ficha_ruta\">Encinar y matorral mediterr\u00e1neo<\/span><\/li>\n<\/ul>\n<\/td>\n<\/tr>\n<tr>\n<td><\/td>\n<\/tr>\n<tr>\n<td valign=\"bottom\"><img loading=\"lazy\" src=\"\/imagenes\/titulo_especiesestrella.jpg\" alt=\"\" width=\"156\" height=\"24\" \/><\/td>\n<\/tr>\n<tr>\n<td>\n<ul>\n<li><span class=\"info_campo_ficha_ruta\"><a title=\"Curruca mirlona\" href=\"http:\/\/avesdesierramorena.sierramorena.com\/?page_id=1300\">Curruca mirlona<\/a><\/span><\/li>\n<\/ul>\n<ul>\n<li><span class=\"info_campo_ficha_ruta\"><a title=\"Culebrera europea\" href=\"http:\/\/avesdesierramorena.sierramorena.com\/?page_id=1306\">Culebrera europea<\/a><\/span><\/li>\n<\/ul>\n<ul>\n<li><span class=\"info_campo_ficha_ruta\"><a title=\"Escribano sotenible \" href=\"http:\/\/avesdesierramorena.sierramorena.com\/?page_id=1454\">Escribano sote\u00f1o<\/a><\/span><\/li>\n<\/ul>\n<ul>\n<li><span class=\"info_campo_ficha_ruta\"><a title=\"Picogordo \" href=\"http:\/\/avesdesierramorena.sierramorena.com\/?page_id=1448\">Picogordo<\/a><\/span><\/li>\n<\/ul>\n<\/td>\n<\/tr>\n<tr>\n<td><\/td>\n<\/tr>\n<tr>\n<td valign=\"bottom\"><img loading=\"lazy\" src=\"\/imagenes\/titulo_epocarecomendada.jpg\" alt=\"\" width=\"182\" height=\"24\" \/><\/td>\n<\/tr>\n<tr>\n<td>\n<ul>\n<li><span class=\"info_campo_ficha_ruta\">Invierno y primavera (especialmente de febrero a junio).<\/span><\/li>\n<\/ul>\n<\/td>\n<\/tr>\n<tr>\n<td><\/td>\n<\/tr>\n<tr>\n<td valign=\"bottom\"><img loading=\"lazy\" src=\"\/imagenes\/titulo_horario.jpg\" alt=\"\" width=\"89\" height=\"24\" \/><\/td>\n<\/tr>\n<tr>\n<td>\n<ul>\n<li><span class=\"info_campo_ficha_ruta\">Cualquiera.<\/span><\/li>\n<\/ul>\n<\/td>\n<\/tr>\n<tr>\n<td><\/td>\n<\/tr>\n<\/tbody>\n<\/table>\n<\/td>\n<td width=\"384\" valign=\"top\">\n<table border=\"0\" cellspacing=\"0\" cellpadding=\"0\" width=\"377\" align=\"center\">\n<tbody>\n<tr>\n<td height=\"40\" valign=\"bottom\"><img loading=\"lazy\" src=\"\/imagenes\/titulo_descripcion.jpg\" alt=\"\" width=\"184\" height=\"24\" \/><\/td>\n<\/tr>\n<tr>\n<td style=\"text-align: justify;\" bgcolor=\"#cccccc\">Nuestro paseo se articula arriba y debajo de La Pasada del Casta\u00f1o, entre alisos, fresnos, tamujos, adelfas, encinas y monte mediterr\u00e1neo, intern\u00e1ndonos de forma c\u00f3moda en uno de los cauces fluviales m\u00e1s representativos de la Sierra. La culebrera europea, la golondrina d\u00e1urica, los escribanos sote\u00f1o y montesino, las currucas mirlona y carrasque\u00f1a, el mart\u00edn pescador, la chova piquirroja o el \u00e1guila real conviven aqu\u00ed con llamativas lib\u00e9lulas como <em>Gomphus pulchellus<\/em> y <em>Calopteryx haemorrhoidalis<\/em>. En playas y orillas podremos rastrear el paso de la nutria, el jabal\u00ed o el ciervo.<\/td>\n<\/tr>\n<tr>\n<td style=\"text-align: right;\">&nbsp;<\/p>\n<p><em><strong>Texto e im\u00e1genes: Rafael Romero Porrino<\/strong><\/em><\/td>\n<\/tr>\n<tr>\n<td>\n<hr \/>\n<\/td>\n<\/tr>\n<tr>\n<td><\/td>\n<\/tr>\n<tr>\n<td>\n<table border=\"0\" cellspacing=\"0\" cellpadding=\"0\" width=\"100%\" align=\"center\">\n<tbody>\n<tr>\n<td width=\"8%\"><img loading=\"lazy\" src=\"\/imagenes\/icono_descargar.jpg\" alt=\"\" width=\"16\" height=\"22\" \/><\/td>\n<td width=\"92%\">\n<h4><a href=\"http:\/\/www.laserrania.org\/?p=2354\" target=\"_blank\">Descripci\u00f3n detallada de la ruta J-9<\/a><\/h4>\n<\/td>\n<\/tr>\n<\/tbody>\n<\/table>\n<\/td>\n<\/tr>\n<tr>\n<td><\/td>\n<\/tr>\n<tr>\n<td>\n<table border=\"0\" cellspacing=\"0\" cellpadding=\"0\" width=\"100%\">\n<tbody>\n<tr>\n<td width=\"8%\"><img loading=\"lazy\" src=\"\/imagenes\/icono_track.jpg\" alt=\"\" width=\"20\" height=\"19\" \/><\/td>\n<td width=\"92%\">\n<h4><a href=\"http:\/\/avesdesierramorena.sierramorena.com\/tracks\/j-9_track.rar\">Descargar track para GPS de la ruta J-9<\/a><\/h4>\n<\/td>\n<\/tr>\n<\/tbody>\n<\/table>\n<\/td>\n<\/tr>\n<tr>\n<td><\/td>\n<\/tr>\n<tr>\n<td>\n<table border=\"0\" cellspacing=\"0\" cellpadding=\"0\" width=\"100%\">\n<tbody>\n<tr>\n<td width=\"8%\"><img loading=\"lazy\" src=\"\/imagenes\/icono_mapa.jpg\" alt=\"\" width=\"20\" height=\"18\" \/><\/td>\n<td width=\"92%\">\n<h4><a class=\"thickbox\" title=\"La Pasada del Casta\u00f1o\" href=\"\/imagenes\/j-9_mapa.jpg\">Ver mapa de la ruta J-9<\/a><\/h4>\n<\/td>\n<\/tr>\n<\/tbody>\n<\/table>\n<\/td>\n<\/tr>\n<\/tbody>\n<\/table>\n<\/td>\n<\/tr>\n<\/tbody>\n<\/table>\n<\/td>\n<\/tr>\n<tr>\n<td><\/td>\n<\/tr>\n<tr>\n<td>\n<hr \/>\n<\/td>\n<\/tr>\n<\/tbody>\n<\/table>\n","protected":false},"excerpt":{"rendered":"<p>No hay. Prism\u00e1ticos. Ribera arbolada y arbustiva Pinar Encinar y matorral mediterr\u00e1neo Curruca mirlona Culebrera europea Escribano sote\u00f1o Picogordo Invierno y primavera (especialmente de febrero a junio). Cualquiera. Nuestro paseo se articula arriba y debajo de La Pasada del Casta\u00f1o, entre alisos, fresnos, tamujos, adelfas, encinas y monte mediterr\u00e1neo, intern\u00e1ndonos de forma c\u00f3moda en uno [&hellip;]<\/p>\n","protected":false},"author":4,"featured_media":0,"parent":41,"menu_order":0,"comment_status":"open","ping_status":"open","template":"","meta":{"ngg_post_thumbnail":0},"_links":{"self":[{"href":"http:\/\/avesdesierramorena.sierramorena.com\/index.php?rest_route=\/wp\/v2\/pages\/494"}],"collection":[{"href":"http:\/\/avesdesierramorena.sierramorena.com\/index.php?rest_route=\/wp\/v2\/pages"}],"about":[{"href":"http:\/\/avesdesierramorena.sierramorena.com\/index.php?rest_route=\/wp\/v2\/types\/page"}],"author":[{"embeddable":true,"href":"http:\/\/avesdesierramorena.sierramorena.com\/index.php?rest_route=\/wp\/v2\/users\/4"}],"replies":[{"embeddable":true,"href":"http:\/\/avesdesierramorena.sierramorena.com\/index.php?rest_route=%2Fwp%2Fv2%2Fcomments&post=494"}],"version-history":[{"count":6,"href":"http:\/\/avesdesierramorena.sierramorena.com\/index.php?rest_route=\/wp\/v2\/pages\/494\/revisions"}],"predecessor-version":[{"id":3661,"href":"http:\/\/avesdesierramorena.sierramorena.com\/index.php?rest_route=\/wp\/v2\/pages\/494\/revisions\/3661"}],"up":[{"embeddable":true,"href":"http:\/\/avesdesierramorena.sierramorena.com\/index.php?rest_route=\/wp\/v2\/pages\/41"}],"wp:attachment":[{"href":"http:\/\/avesdesierramorena.sierramorena.com\/index.php?rest_route=%2Fwp%2Fv2%2Fmedia&parent=494"}],"curies":[{"name":"wp","href":"https:\/\/api.w.org\/{rel}","templated":true}]}}